{"id":1118,"date":"2025-09-23T05:01:04","date_gmt":"2025-09-23T05:01:04","guid":{"rendered":"https:\/\/tijuanariverco.wpenginepowered.com\/?page_id=1118"},"modified":"2025-09-28T17:05:43","modified_gmt":"2025-09-28T17:05:43","slug":"community-voices","status":"publish","type":"page","link":"https:\/\/tijuanarivercoalition.org\/es\/community-voices\/","title":{"rendered":"Voces de la comunidad"},"content":{"rendered":"<div data-elementor-type=\"wp-page\" data-elementor-id=\"1118\" class=\"elementor elementor-1118\" data-elementor-post-type=\"page\">\n\t\t\t\t<div class=\"elementor-element elementor-element-5d423eea e-con-full e-flex elementor-invisible e-con e-parent\" data-id=\"5d423eea\" data-element_type=\"container\" data-settings=\"{&quot;background_background&quot;:&quot;gradient&quot;,&quot;animation&quot;:&quot;fadeIn&quot;}\">\n\t\t\t\t<div class=\"elementor-element elementor-element-23a1b87d elementor-absolute elementor-widget elementor-widget-image\" data-id=\"23a1b87d\" data-element_type=\"widget\" data-settings=\"{&quot;_position&quot;:&quot;absolute&quot;}\" data-widget_type=\"image.default\">\n\t\t\t\t\t\t\t\t\t\t\t\t\t\t\t<img fetchpriority=\"high\" decoding=\"async\" width=\"444\" height=\"766\" src=\"https:\/\/tijuanarivercoalition.org\/wp-content\/uploads\/2025\/07\/Vector-2.svg\" class=\"attachment-full size-full wp-image-97\" alt=\"\" \/>\t\t\t\t\t\t\t\t\t\t\t\t\t\t\t<\/div>\n\t\t<div class=\"elementor-element elementor-element-64f8a7c9 e-flex e-con-boxed e-con e-child\" data-id=\"64f8a7c9\" data-element_type=\"container\">\n\t\t\t\t\t<div class=\"e-con-inner\">\n\t\t\t\t\t<\/div>\n\t\t\t\t<\/div>\n\t\t\t\t<\/div>\n\t\t<div class=\"elementor-element elementor-element-ff413dc e-flex e-con-boxed e-con e-parent\" data-id=\"ff413dc\" data-element_type=\"container\">\n\t\t\t\t\t<div class=\"e-con-inner\">\n\t\t<div class=\"elementor-element elementor-element-a0fc4d0 e-con-full e-flex elementor-invisible e-con e-child\" data-id=\"a0fc4d0\" data-element_type=\"container\" data-settings=\"{&quot;background_background&quot;:&quot;classic&quot;,&quot;animation&quot;:&quot;fadeIn&quot;}\">\n\t\t<div class=\"elementor-element elementor-element-6534be3 e-con-full e-flex e-con e-child\" data-id=\"6534be3\" data-element_type=\"container\">\n\t\t<div class=\"elementor-element elementor-element-e76c984 e-con-full e-flex e-con e-child\" data-id=\"e76c984\" data-element_type=\"container\" data-settings=\"{&quot;background_background&quot;:&quot;classic&quot;}\">\n\t\t<div class=\"elementor-element elementor-element-bbc097c e-con-full e-flex e-con e-child\" data-id=\"bbc097c\" data-element_type=\"container\" data-settings=\"{&quot;background_background&quot;:&quot;classic&quot;}\">\n\t\t\t\t<\/div>\n\t\t\t\t<\/div>\n\t\t<div class=\"elementor-element elementor-element-6e45dcc e-con-full e-flex e-con e-child\" data-id=\"6e45dcc\" data-element_type=\"container\">\n\t\t\t\t<div class=\"elementor-element elementor-element-f8b8199 elementor-arrows-position-inside elementor-widget elementor-widget-n-carousel\" data-id=\"f8b8199\" data-element_type=\"widget\" data-settings=\"{&quot;carousel_items&quot;:[{&quot;slide_title&quot;:&quot;Slide #1&quot;,&quot;_id&quot;:&quot;945572c&quot;},{&quot;slide_title&quot;:&quot;Slide #1&quot;,&quot;_id&quot;:&quot;0ce818c&quot;},{&quot;slide_title&quot;:&quot;Slide #1&quot;,&quot;_id&quot;:&quot;a007a89&quot;},{&quot;slide_title&quot;:&quot;Slide #1&quot;,&quot;_id&quot;:&quot;059ccdf&quot;},{&quot;slide_title&quot;:&quot;Slide #1&quot;,&quot;_id&quot;:&quot;c8eccbf&quot;},{&quot;slide_title&quot;:&quot;Slide #1&quot;,&quot;_id&quot;:&quot;bcd3dc1&quot;}],&quot;slides_to_show&quot;:&quot;1&quot;,&quot;slides_to_scroll&quot;:&quot;1&quot;,&quot;slides_to_show_tablet&quot;:&quot;1&quot;,&quot;slides_to_scroll_tablet&quot;:&quot;1&quot;,&quot;slides_to_show_mobile&quot;:&quot;1&quot;,&quot;infinite&quot;:&quot;yes&quot;,&quot;speed&quot;:500,&quot;offset_sides&quot;:&quot;none&quot;,&quot;arrows&quot;:&quot;yes&quot;,&quot;image_spacing_custom&quot;:{&quot;unit&quot;:&quot;px&quot;,&quot;size&quot;:10,&quot;sizes&quot;:[]},&quot;image_spacing_custom_tablet&quot;:{&quot;unit&quot;:&quot;px&quot;,&quot;size&quot;:&quot;&quot;,&quot;sizes&quot;:[]},&quot;image_spacing_custom_mobile&quot;:{&quot;unit&quot;:&quot;px&quot;,&quot;size&quot;:&quot;&quot;,&quot;sizes&quot;:[]}}\" data-widget_type=\"nested-carousel.default\">\n\t\t\t\t\t\t\t<div class=\"e-n-carousel swiper\" role=\"region\" aria-roledescription=\"carousel\" aria-label=\"Carrusel\" dir=\"ltr\">\n\t\t\t<div class=\"swiper-wrapper\" aria-live=\"polite\">\n\t\t\t\t\t\t\t\t\t\t<div class=\"swiper-slide\" data-slide=\"1\" role=\"group\" aria-roledescription=\"slide\" aria-label=\"1 de 6\">\n\t\t\t\t\t\t\t<div class=\"elementor-element elementor-element-6928a19 e-con-full e-flex e-con e-child\" data-id=\"6928a19\" data-element_type=\"container\">\n\t\t\t\t<div class=\"elementor-element elementor-element-7c5265d elementor-widget elementor-widget-heading\" data-id=\"7c5265d\" data-element_type=\"widget\" data-widget_type=\"heading.default\">\n\t\t\t\t\t<h4 class=\"elementor-heading-title elementor-size-default\">San Diego County Supervisor<\/h4>\t\t\t\t<\/div>\n\t\t\t\t<div class=\"elementor-element elementor-element-56bc748 elementor-widget__width-initial elementor-widget-tablet__width-inherit elementor-widget elementor-widget-heading\" data-id=\"56bc748\" data-element_type=\"widget\" data-widget_type=\"heading.default\">\n\t\t\t\t\t<p class=\"elementor-heading-title elementor-size-default\">Soy surfista. No fumo. No bebo. Si [me hospitalizan por dificultad para respirar], les est\u00e1 pasando a docenas, si no cientos, de personas expuestas a esta [contaminaci\u00f3n]\u00bb.<\/p>\t\t\t\t<\/div>\n\t\t\t\t<div class=\"elementor-element elementor-element-1ef82a6 elementor-absolute elementor-widget elementor-widget-image\" data-id=\"1ef82a6\" data-element_type=\"widget\" data-settings=\"{&quot;_position&quot;:&quot;absolute&quot;}\" data-widget_type=\"image.default\">\n\t\t\t\t\t\t\t\t\t\t\t\t\t\t\t<img decoding=\"async\" width=\"113\" height=\"392\" src=\"https:\/\/tijuanarivercoalition.org\/wp-content\/uploads\/2025\/07\/Vector-7.svg\" class=\"attachment-full size-full wp-image-388\" alt=\"\" \/>\t\t\t\t\t\t\t\t\t\t\t\t\t\t\t<\/div>\n\t\t\t\t<div class=\"elementor-element elementor-element-d0fa993 elementor-widget elementor-widget-heading\" data-id=\"d0fa993\" data-element_type=\"widget\" data-widget_type=\"heading.default\">\n\t\t\t\t\t<p class=\"elementor-heading-title elementor-size-default\">Paloma Aguirre<\/p>\t\t\t\t<\/div>\n\t\t\t\t<\/div>\n\t\t\t\t\t\t\t\t<\/div>\n\t\t\t\t\t\t\t\t\t\t\t<div class=\"swiper-slide\" data-slide=\"2\" role=\"group\" aria-roledescription=\"slide\" aria-label=\"2 de 6\">\n\t\t\t\t\t\t\t<div class=\"elementor-element elementor-element-3d5d91e e-con-full e-flex e-con e-child\" data-id=\"3d5d91e\" data-element_type=\"container\">\n\t\t\t\t<div class=\"elementor-element elementor-element-abcea88 elementor-widget elementor-widget-heading\" data-id=\"abcea88\" data-element_type=\"widget\" data-widget_type=\"heading.default\">\n\t\t\t\t\t<h4 class=\"elementor-heading-title elementor-size-default\">psic\u00f3logo y residente de Imperial Beach<\/h4>\t\t\t\t<\/div>\n\t\t\t\t<div class=\"elementor-element elementor-element-b89d365 elementor-widget__width-initial elementor-widget-tablet__width-inherit elementor-widget elementor-widget-heading\" data-id=\"b89d365\" data-element_type=\"widget\" data-widget_type=\"heading.default\">\n\t\t\t\t\t<p class=\"elementor-heading-title elementor-size-default\">Creo que, sin duda, la gente se traumatiza por el estr\u00e9s y la ansiedad. Los padres se preguntan: \u00bfes seguro beber agua? \u00bfEs seguro meterse al agua? \u00bfEs seguro ir a la playa, estar en la arena? \u00bfEs seguro respirar?<\/p>\t\t\t\t<\/div>\n\t\t\t\t<div class=\"elementor-element elementor-element-501a368 elementor-absolute elementor-widget elementor-widget-image\" data-id=\"501a368\" data-element_type=\"widget\" data-settings=\"{&quot;_position&quot;:&quot;absolute&quot;}\" data-widget_type=\"image.default\">\n\t\t\t\t\t\t\t\t\t\t\t\t\t\t\t<img decoding=\"async\" width=\"113\" height=\"392\" src=\"https:\/\/tijuanarivercoalition.org\/wp-content\/uploads\/2025\/07\/Vector-7.svg\" class=\"attachment-full size-full wp-image-388\" alt=\"\" \/>\t\t\t\t\t\t\t\t\t\t\t\t\t\t\t<\/div>\n\t\t\t\t<div class=\"elementor-element elementor-element-a252349 elementor-widget elementor-widget-heading\" data-id=\"a252349\" data-element_type=\"widget\" data-widget_type=\"heading.default\">\n\t\t\t\t\t<p class=\"elementor-heading-title elementor-size-default\">Doctor Marvel Harrison<\/p>\t\t\t\t<\/div>\n\t\t\t\t<\/div>\n\t\t\t\t\t\t\t\t<\/div>\n\t\t\t\t\t\t\t\t\t\t\t<div class=\"swiper-slide\" data-slide=\"3\" role=\"group\" aria-roledescription=\"slide\" aria-label=\"3 de 6\">\n\t\t\t\t\t\t\t<div class=\"elementor-element elementor-element-22561ba e-con-full e-flex e-con e-child\" data-id=\"22561ba\" data-element_type=\"container\">\n\t\t\t\t<div class=\"elementor-element elementor-element-108c432 elementor-widget elementor-widget-heading\" data-id=\"108c432\" data-element_type=\"widget\" data-widget_type=\"heading.default\">\n\t\t\t\t\t<h4 class=\"elementor-heading-title elementor-size-default\">Residente de Nestor<\/h4>\t\t\t\t<\/div>\n\t\t\t\t<div class=\"elementor-element elementor-element-a1f77f2 elementor-widget__width-initial elementor-widget-tablet__width-inherit elementor-widget elementor-widget-heading\" data-id=\"a1f77f2\" data-element_type=\"widget\" data-widget_type=\"heading.default\">\n\t\t\t\t\t<p class=\"elementor-heading-title elementor-size-default\">El olor es tan fuerte por las noches y las ma\u00f1anas que me cuesta respirar. En los \u00faltimos tres meses, he empezado a toser mucha flema y mocos espesos por inhalar las impurezas del aire. A veces me cuesta respirar y tambi\u00e9n tengo dolores de cabeza.<\/p>\t\t\t\t<\/div>\n\t\t\t\t<div class=\"elementor-element elementor-element-32c2fd0 elementor-absolute elementor-widget elementor-widget-image\" data-id=\"32c2fd0\" data-element_type=\"widget\" data-settings=\"{&quot;_position&quot;:&quot;absolute&quot;}\" data-widget_type=\"image.default\">\n\t\t\t\t\t\t\t\t\t\t\t\t\t\t\t<img decoding=\"async\" width=\"113\" height=\"392\" src=\"https:\/\/tijuanarivercoalition.org\/wp-content\/uploads\/2025\/07\/Vector-7.svg\" class=\"attachment-full size-full wp-image-388\" alt=\"\" \/>\t\t\t\t\t\t\t\t\t\t\t\t\t\t\t<\/div>\n\t\t\t\t<div class=\"elementor-element elementor-element-dab85e9 elementor-widget elementor-widget-heading\" data-id=\"dab85e9\" data-element_type=\"widget\" data-widget_type=\"heading.default\">\n\t\t\t\t\t<p class=\"elementor-heading-title elementor-size-default\">Nicol\u00e1s Turner<\/p>\t\t\t\t<\/div>\n\t\t\t\t<\/div>\n\t\t\t\t\t\t\t\t<\/div>\n\t\t\t\t\t\t\t\t\t\t\t<div class=\"swiper-slide\" data-slide=\"4\" role=\"group\" aria-roledescription=\"slide\" aria-label=\"4 de 6\">\n\t\t\t\t\t\t\t<div class=\"elementor-element elementor-element-63ed771 e-con-full e-flex e-con e-child\" data-id=\"63ed771\" data-element_type=\"container\">\n\t\t\t\t<div class=\"elementor-element elementor-element-4bda23e elementor-widget elementor-widget-heading\" data-id=\"4bda23e\" data-element_type=\"widget\" data-widget_type=\"heading.default\">\n\t\t\t\t\t<h4 class=\"elementor-heading-title elementor-size-default\">Instituto Scripps de la UCSD<\/h4>\t\t\t\t<\/div>\n\t\t\t\t<div class=\"elementor-element elementor-element-2ac2cc0 elementor-widget__width-initial elementor-widget-tablet__width-inherit elementor-widget elementor-widget-heading\" data-id=\"2ac2cc0\" data-element_type=\"widget\" data-widget_type=\"heading.default\">\n\t\t\t\t\t<p class=\"elementor-heading-title elementor-size-default\">La crisis de aguas residuales en San Diego no solo te afecta si te metes en el agua. Tu principal exposici\u00f3n proviene del aire que respiras. Y nadie hab\u00eda pensado realmente en eso... Inhalamos 11,000 litros de aire al d\u00eda, por lo que esa es nuestra principal v\u00eda de exposici\u00f3n, la cual se ha ignorado casi por completo, especialmente la conexi\u00f3n con lo que sale del agua contaminada del oc\u00e9ano.<\/p>\t\t\t\t<\/div>\n\t\t\t\t<div class=\"elementor-element elementor-element-c1f6054 elementor-absolute elementor-widget elementor-widget-image\" data-id=\"c1f6054\" data-element_type=\"widget\" data-settings=\"{&quot;_position&quot;:&quot;absolute&quot;}\" data-widget_type=\"image.default\">\n\t\t\t\t\t\t\t\t\t\t\t\t\t\t\t<img decoding=\"async\" width=\"113\" height=\"392\" src=\"https:\/\/tijuanarivercoalition.org\/wp-content\/uploads\/2025\/07\/Vector-7.svg\" class=\"attachment-full size-full wp-image-388\" alt=\"\" \/>\t\t\t\t\t\t\t\t\t\t\t\t\t\t\t<\/div>\n\t\t\t\t<div class=\"elementor-element elementor-element-6635111 elementor-widget elementor-widget-heading\" data-id=\"6635111\" data-element_type=\"widget\" data-widget_type=\"heading.default\">\n\t\t\t\t\t<p class=\"elementor-heading-title elementor-size-default\">Dra. Kimberly Prather<\/p>\t\t\t\t<\/div>\n\t\t\t\t<\/div>\n\t\t\t\t\t\t\t\t<\/div>\n\t\t\t\t\t\t\t\t\t\t\t<div class=\"swiper-slide\" data-slide=\"5\" role=\"group\" aria-roledescription=\"slide\" aria-label=\"5 de 6\">\n\t\t\t\t\t\t\t<div class=\"elementor-element elementor-element-f064baa e-con-full e-flex e-con e-child\" data-id=\"f064baa\" data-element_type=\"container\">\n\t\t\t\t<div class=\"elementor-element elementor-element-2498cf6 elementor-widget elementor-widget-heading\" data-id=\"2498cf6\" data-element_type=\"widget\" data-widget_type=\"heading.default\">\n\t\t\t\t\t<h4 class=\"elementor-heading-title elementor-size-default\">Residente de Coronado<\/h4>\t\t\t\t<\/div>\n\t\t\t\t<div class=\"elementor-element elementor-element-26923be elementor-widget__width-initial elementor-widget-tablet__width-inherit elementor-widget elementor-widget-heading\" data-id=\"26923be\" data-element_type=\"widget\" data-widget_type=\"heading.default\">\n\t\t\t\t\t<p class=\"elementor-heading-title elementor-size-default\">Para quienes viven en comunidades playeras, la playa es su parque. Ahora, muchos ni\u00f1os ya no surfean. Muchos ni\u00f1os ya no nadan. Las reuniones que antes se celebraban en la playa, como bodas y fiestas de cumplea\u00f1os, se han cancelado. Era un lugar hermoso que la gente compart\u00eda, y ya no va. Su parque infantil est\u00e1 cerrado porque est\u00e1 contaminado.<\/p>\t\t\t\t<\/div>\n\t\t\t\t<div class=\"elementor-element elementor-element-060b1a0 elementor-absolute elementor-widget elementor-widget-image\" data-id=\"060b1a0\" data-element_type=\"widget\" data-settings=\"{&quot;_position&quot;:&quot;absolute&quot;}\" data-widget_type=\"image.default\">\n\t\t\t\t\t\t\t\t\t\t\t\t\t\t\t<img decoding=\"async\" width=\"113\" height=\"392\" src=\"https:\/\/tijuanarivercoalition.org\/wp-content\/uploads\/2025\/07\/Vector-7.svg\" class=\"attachment-full size-full wp-image-388\" alt=\"\" \/>\t\t\t\t\t\t\t\t\t\t\t\t\t\t\t<\/div>\n\t\t\t\t<div class=\"elementor-element elementor-element-8616314 elementor-widget elementor-widget-heading\" data-id=\"8616314\" data-element_type=\"widget\" data-widget_type=\"heading.default\">\n\t\t\t\t\t<p class=\"elementor-heading-title elementor-size-default\"> Laura Wilkinson Sinton<\/p>\t\t\t\t<\/div>\n\t\t\t\t<\/div>\n\t\t\t\t\t\t\t\t<\/div>\n\t\t\t\t\t\t\t\t\t\t\t<div class=\"swiper-slide\" data-slide=\"6\" role=\"group\" aria-roledescription=\"slide\" aria-label=\"6 de 6\">\n\t\t\t\t\t\t\t<div class=\"elementor-element elementor-element-d0c298a e-con-full e-flex e-con e-child\" data-id=\"d0c298a\" data-element_type=\"container\">\n\t\t\t\t<div class=\"elementor-element elementor-element-4c008e3 elementor-widget elementor-widget-heading\" data-id=\"4c008e3\" data-element_type=\"widget\" data-widget_type=\"heading.default\">\n\t\t\t\t\t<h4 class=\"elementor-heading-title elementor-size-default\">L\u00edder del Comit\u00e9 de Planificaci\u00f3n de Nestor y residente <\/h4>\t\t\t\t<\/div>\n\t\t\t\t<div class=\"elementor-element elementor-element-6d85cfe elementor-widget__width-initial elementor-widget-tablet__width-inherit elementor-widget elementor-widget-heading\" data-id=\"6d85cfe\" data-element_type=\"widget\" data-widget_type=\"heading.default\">\n\t\t\t\t\t<p class=\"elementor-heading-title elementor-size-default\">Los \u00faltimos dos a\u00f1os han sido horribles. Lo que les est\u00e1 pasando a nuestros pulmones y a nuestros cuerpos. Me contagi\u00e9 de E. coli despu\u00e9s de estar en el r\u00edo; estuve m\u00e1s enfermo que un perro y me dur\u00f3 semanas. Tengo c\u00e1ncer. Llevo un tiempo con congesti\u00f3n y algunos problemas de sinusitis. Probablemente sea por respirar esta porquer\u00eda a diario durante a\u00f1os.<\/p>\t\t\t\t<\/div>\n\t\t\t\t<div class=\"elementor-element elementor-element-44e4f0c elementor-absolute elementor-widget elementor-widget-image\" data-id=\"44e4f0c\" data-element_type=\"widget\" data-settings=\"{&quot;_position&quot;:&quot;absolute&quot;}\" data-widget_type=\"image.default\">\n\t\t\t\t\t\t\t\t\t\t\t\t\t\t\t<img decoding=\"async\" width=\"113\" height=\"392\" src=\"https:\/\/tijuanarivercoalition.org\/wp-content\/uploads\/2025\/07\/Vector-7.svg\" class=\"attachment-full size-full wp-image-388\" alt=\"\" \/>\t\t\t\t\t\t\t\t\t\t\t\t\t\t\t<\/div>\n\t\t\t\t<div class=\"elementor-element elementor-element-bd63612 elementor-widget elementor-widget-heading\" data-id=\"bd63612\" data-element_type=\"widget\" data-widget_type=\"heading.default\">\n\t\t\t\t\t<p class=\"elementor-heading-title elementor-size-default\">Steve Egger<\/p>\t\t\t\t<\/div>\n\t\t\t\t<\/div>\n\t\t\t\t\t\t\t\t<\/div>\n\t\t\t\t\t\t\t\t<\/div>\n\t\t<\/div>\n\t\t\t\t\t<div class=\"elementor-swiper-button elementor-swiper-button-prev\" role=\"button\" tabindex=\"0\" aria-label=\"Anterior\">\n\t\t\t\t<svg aria-hidden=\"true\" class=\"e-font-icon-svg e-eicon-chevron-left\" viewbox=\"0 0 1000 1000\" xmlns=\"http:\/\/www.w3.org\/2000\/svg\"><path d=\"M646 125C629 125 613 133 604 142L308 442C296 454 292 471 292 487 292 504 296 521 308 533L604 854C617 867 629 875 646 875 663 875 679 871 692 858 704 846 713 829 713 812 713 796 708 779 692 767L438 487 692 225C700 217 708 204 708 187 708 171 704 154 692 142 675 129 663 125 646 125Z\"><\/path><\/svg>\t\t\t<\/div>\n\t\t\t<div class=\"elementor-swiper-button elementor-swiper-button-next\" role=\"button\" tabindex=\"0\" aria-label=\"Pr\u00f3ximo\">\n\t\t\t\t<svg aria-hidden=\"true\" class=\"e-font-icon-svg e-eicon-chevron-right\" viewbox=\"0 0 1000 1000\" xmlns=\"http:\/\/www.w3.org\/2000\/svg\"><path d=\"M696 533C708 521 713 504 713 487 713 471 708 454 696 446L400 146C388 133 375 125 354 125 338 125 325 129 313 142 300 154 292 171 292 187 292 204 296 221 308 233L563 492 304 771C292 783 288 800 288 817 288 833 296 850 308 863 321 871 338 875 354 875 371 875 388 867 400 854L696 533Z\"><\/path><\/svg>\t\t\t<\/div>\n\t\t\t\t\t\t<\/div>\n\t\t\t\t<\/div>\n\t\t\t\t<\/div>\n\t\t\t\t<\/div>\n\t\t\t\t\t<\/div>\n\t\t\t\t<\/div>\n\t\t\t\t<\/div>","protected":false},"excerpt":{"rendered":"<p>San Diego County Supervisor I\u2019m a surfer. I don\u2019t smoke. I don\u2019t drink. If [I\u2019m being hospitalized for struggling to breathe] it\u2019s happening to dozens, if not hundreds, of people that are being exposed to this [pollution].\u201d Paloma Aguirre psychologist and Imperial Beach resident I think that certainly people are traumatized by being stressed and [&hellip;]<\/p>","protected":false},"author":3,"featured_media":0,"parent":0,"menu_order":0,"comment_status":"closed","ping_status":"closed","template":"","meta":{"footnotes":"","_links_to":"","_links_to_target":""},"class_list":["post-1118","page","type-page","status-publish","hentry"],"_links":{"self":[{"href":"https:\/\/tijuanarivercoalition.org\/es\/wp-json\/wp\/v2\/pages\/1118","targetHints":{"allow":["GET"]}}],"collection":[{"href":"https:\/\/tijuanarivercoalition.org\/es\/wp-json\/wp\/v2\/pages"}],"about":[{"href":"https:\/\/tijuanarivercoalition.org\/es\/wp-json\/wp\/v2\/types\/page"}],"author":[{"embeddable":true,"href":"https:\/\/tijuanarivercoalition.org\/es\/wp-json\/wp\/v2\/users\/3"}],"replies":[{"embeddable":true,"href":"https:\/\/tijuanarivercoalition.org\/es\/wp-json\/wp\/v2\/comments?post=1118"}],"version-history":[{"count":0,"href":"https:\/\/tijuanarivercoalition.org\/es\/wp-json\/wp\/v2\/pages\/1118\/revisions"}],"wp:attachment":[{"href":"https:\/\/tijuanarivercoalition.org\/es\/wp-json\/wp\/v2\/media?parent=1118"}],"curies":[{"name":"wp","href":"https:\/\/api.w.org\/{rel}","templated":true}]}}