{"id":1117,"date":"2025-09-23T04:53:37","date_gmt":"2025-09-23T04:53:37","guid":{"rendered":"https:\/\/tijuanariverco.wpenginepowered.com\/?page_id=1117"},"modified":"2026-04-28T19:17:59","modified_gmt":"2026-04-28T19:17:59","slug":"take-action","status":"publish","type":"page","link":"https:\/\/tijuanarivercoalition.org\/es\/take-action\/","title":{"rendered":"Tomar medidas"},"content":{"rendered":"<div data-elementor-type=\"wp-page\" data-elementor-id=\"1117\" class=\"elementor elementor-1117\" data-elementor-post-type=\"page\">\n\t\t\t\t<div class=\"elementor-element elementor-element-215df732 e-con-full e-flex elementor-invisible e-con e-parent\" data-id=\"215df732\" data-element_type=\"container\" data-settings=\"{&quot;background_background&quot;:&quot;gradient&quot;,&quot;animation&quot;:&quot;fadeIn&quot;}\">\n\t\t\t\t<div class=\"elementor-element elementor-element-5d366938 elementor-absolute elementor-widget elementor-widget-image\" data-id=\"5d366938\" data-element_type=\"widget\" data-settings=\"{&quot;_position&quot;:&quot;absolute&quot;}\" data-widget_type=\"image.default\">\n\t\t\t\t\t\t\t\t\t\t\t\t\t\t\t<img fetchpriority=\"high\" decoding=\"async\" width=\"444\" height=\"766\" src=\"https:\/\/tijuanarivercoalition.org\/wp-content\/uploads\/2025\/07\/Vector-2.svg\" class=\"attachment-full size-full wp-image-97\" alt=\"\" \/>\t\t\t\t\t\t\t\t\t\t\t\t\t\t\t<\/div>\n\t\t<div class=\"elementor-element elementor-element-200fd5ff e-flex e-con-boxed e-con e-child\" data-id=\"200fd5ff\" data-element_type=\"container\">\n\t\t\t\t\t<div class=\"e-con-inner\">\n\t\t\t\t\t<\/div>\n\t\t\t\t<\/div>\n\t\t\t\t<\/div>\n\t\t<div class=\"elementor-element elementor-element-b1f93d6 e-con-full e-flex e-con e-parent\" data-id=\"b1f93d6\" data-element_type=\"container\" data-settings=\"{&quot;background_background&quot;:&quot;classic&quot;}\">\n\t\t\t\t<div class=\"elementor-element elementor-element-8d639f4 elementor-invisible elementor-widget elementor-widget-heading\" data-id=\"8d639f4\" data-element_type=\"widget\" data-settings=\"{&quot;_animation&quot;:&quot;fadeIn&quot;}\" data-widget_type=\"heading.default\">\n\t\t\t\t\t<h2 class=\"elementor-heading-title elementor-size-default\">TOMAR MEDIDAS<\/h2>\t\t\t\t<\/div>\n\t\t<div class=\"elementor-element elementor-element-ef9471a e-flex e-con-boxed e-con e-child\" data-id=\"ef9471a\" data-element_type=\"container\">\n\t\t\t\t\t<div class=\"e-con-inner\">\n\t\t<div class=\"elementor-element elementor-element-a732398 e-con-full e-flex elementor-invisible e-con e-child\" data-id=\"a732398\" data-element_type=\"container\" data-settings=\"{&quot;animation&quot;:&quot;fadeInLeft&quot;}\">\n\t\t<div class=\"elementor-element elementor-element-f790957 e-con-full e-flex e-con e-child\" data-id=\"f790957\" data-element_type=\"container\" data-settings=\"{&quot;background_background&quot;:&quot;classic&quot;}\">\n\t\t\t\t<div class=\"elementor-element elementor-element-7505e8c elementor-absolute elementor-widget elementor-widget-image\" data-id=\"7505e8c\" data-element_type=\"widget\" data-settings=\"{&quot;_position&quot;:&quot;absolute&quot;}\" data-widget_type=\"image.default\">\n\t\t\t\t\t\t\t\t\t\t\t\t\t\t\t<img decoding=\"async\" width=\"558\" height=\"160\" src=\"https:\/\/tijuanarivercoalition.org\/wp-content\/uploads\/2025\/07\/Rectangle-306.png\" class=\"attachment-full size-full wp-image-354\" alt=\"\" srcset=\"https:\/\/tijuanarivercoalition.org\/wp-content\/uploads\/2025\/07\/Rectangle-306.png 558w, https:\/\/tijuanarivercoalition.org\/wp-content\/uploads\/2025\/07\/Rectangle-306-300x86.png 300w\" sizes=\"(max-width: 558px) 100vw, 558px\" \/>\t\t\t\t\t\t\t\t\t\t\t\t\t\t\t<\/div>\n\t\t\t\t<div class=\"elementor-element elementor-element-44bb11a elementor-absolute elementor-invisible elementor-widget elementor-widget-image\" data-id=\"44bb11a\" data-element_type=\"widget\" data-settings=\"{&quot;_position&quot;:&quot;absolute&quot;,&quot;_animation&quot;:&quot;fadeInUp&quot;}\" data-widget_type=\"image.default\">\n\t\t\t\t\t\t\t\t\t\t\t\t\t\t\t<img decoding=\"async\" width=\"212\" height=\"320\" src=\"https:\/\/tijuanarivercoalition.org\/wp-content\/uploads\/2025\/07\/Vector-6.svg\" class=\"attachment-full size-full wp-image-358\" alt=\"\" \/>\t\t\t\t\t\t\t\t\t\t\t\t\t\t\t<\/div>\n\t\t\t\t<\/div>\n\t\t\t\t<\/div>\n\t\t<div class=\"elementor-element elementor-element-21342c2 e-con-full e-flex elementor-invisible e-con e-child\" data-id=\"21342c2\" data-element_type=\"container\" data-settings=\"{&quot;animation&quot;:&quot;fadeInRight&quot;}\">\n\t\t\t\t<div class=\"elementor-element elementor-element-67c4488 elementor-widget elementor-widget-heading\" data-id=\"67c4488\" data-element_type=\"widget\" data-widget_type=\"heading.default\">\n\t\t\t\t\t<h3 class=\"elementor-heading-title elementor-size-default\">APRENDER<\/h3>\t\t\t\t<\/div>\n\t\t\t\t<div class=\"elementor-element elementor-element-15e2017 elementor-widget elementor-widget-text-editor\" data-id=\"15e2017\" data-element_type=\"widget\" data-widget_type=\"text-editor.default\">\n\t\t\t\t\t\t\t\t\t<p>Visit our <a href=\"https:\/\/tijuanarivercoalition.org\/es\/resource-hub\/\" target=\"_blank\" rel=\"noopener\">Centro de recursos<\/a> to learn more about the public health and ecological crisis in the Tijuana River Watershed, the work being done to address it, and how you can get involved.<\/p>\t\t\t\t\t\t\t\t<\/div>\n\t\t\t\t<div class=\"elementor-element elementor-element-3dcac8b elementor-widget elementor-widget-heading\" data-id=\"3dcac8b\" data-element_type=\"widget\" data-widget_type=\"heading.default\">\n\t\t\t\t\t<h3 class=\"elementor-heading-title elementor-size-default\">FIRMAR<\/h3>\t\t\t\t<\/div>\n\t\t\t\t<div class=\"elementor-element elementor-element-e8f7c1e elementor-widget elementor-widget-text-editor\" data-id=\"e8f7c1e\" data-element_type=\"widget\" data-widget_type=\"text-editor.default\">\n\t\t\t\t\t\t\t\t\t<p>Firma la petici\u00f3n pidiendo a la Administraci\u00f3n Trump que declare una emergencia federal<\/p>\t\t\t\t\t\t\t\t<\/div>\n\t\t\t\t<div class=\"elementor-element elementor-element-cbb0083 elementor-invisible elementor-widget elementor-widget-button\" data-id=\"cbb0083\" data-element_type=\"widget\" data-settings=\"{&quot;_animation&quot;:&quot;fadeInLeft&quot;}\" data-widget_type=\"button.default\">\n\t\t\t\t\t\t\t\t\t\t<a class=\"elementor-button elementor-button-link elementor-size-sm\" href=\"https:\/\/win.newmode.net\/surfriderfoundation\/cleanourborderwaternow\" target=\"_blank\">\n\t\t\t\t\t\t<span class=\"elementor-button-content-wrapper\">\n\t\t\t\t\t\t\t\t\t<span class=\"elementor-button-text\">Firma ahora<\/span>\n\t\t\t\t\t<\/span>\n\t\t\t\t\t<\/a>\n\t\t\t\t\t\t\t\t<\/div>\n\t\t\t\t<div class=\"elementor-element elementor-element-0abc4cf elementor-widget elementor-widget-heading\" data-id=\"0abc4cf\" data-element_type=\"widget\" data-widget_type=\"heading.default\">\n\t\t\t\t\t<h3 class=\"elementor-heading-title elementor-size-default\">UNIRSE<\/h3>\t\t\t\t<\/div>\n\t\t\t\t<div class=\"elementor-element elementor-element-c9866ba elementor-widget elementor-widget-text-editor\" data-id=\"c9866ba\" data-element_type=\"widget\" data-widget_type=\"text-editor.default\">\n\t\t\t\t\t\t\t\t\t<p><strong>Para particulares:<\/strong> \u00danase a las reuniones y acciones mensuales organizadas por el programa Clean Border Water Now de Surfrider<\/p>\t\t\t\t\t\t\t\t<\/div>\n\t\t\t\t<div class=\"elementor-element elementor-element-b767e2e elementor-invisible elementor-widget elementor-widget-button\" data-id=\"b767e2e\" data-element_type=\"widget\" data-settings=\"{&quot;_animation&quot;:&quot;fadeInLeft&quot;}\" data-widget_type=\"button.default\">\n\t\t\t\t\t\t\t\t\t\t<a class=\"elementor-button elementor-button-link elementor-size-sm\" href=\"https:\/\/volunteer.surfrider.org\/opportunities\/pw7HnyQQzb?%24web_only=true&#038;_branch_match_id=1454626251452095762&#038;_branch_referrer=H4sIAAAAAAAAA8soKSkottLXr9BLz0nJ08vM10%2FVt3DyNPAzyU3MCEiyrytKTUstKsrMS49PKsovL04tsnXOKMrPTQUATsEqSTkAAAA%3D\" target=\"_blank\">\n\t\t\t\t\t\t<span class=\"elementor-button-content-wrapper\">\n\t\t\t\t\t\t\t\t\t<span class=\"elementor-button-text\">Unirse<\/span>\n\t\t\t\t\t<\/span>\n\t\t\t\t\t<\/a>\n\t\t\t\t\t\t\t\t<\/div>\n\t\t\t\t<div class=\"elementor-element elementor-element-91fec1d elementor-widget elementor-widget-text-editor\" data-id=\"91fec1d\" data-element_type=\"widget\" data-widget_type=\"text-editor.default\">\n\t\t\t\t\t\t\t\t\t<p><strong>Para organizaciones:<\/strong> \u00danase a las reuniones y acciones mensuales organizadas por la Coalici\u00f3n del R\u00edo Tijuana. Para m\u00e1s informaci\u00f3n, env\u00ede un correo electr\u00f3nico:<br \/><a href=\"mailto:tiffany.curry@outdooroutreach.org\" target=\"_blank\" rel=\"noopener\">tiffany.curry@outdooroutreach.<wbr \/>organizaci\u00f3n<\/a><\/p>\t\t\t\t\t\t\t\t<\/div>\n\t\t\t\t<div class=\"elementor-element elementor-element-36a9ac2 elementor-widget elementor-widget-text-editor\" data-id=\"36a9ac2\" data-element_type=\"widget\" data-widget_type=\"text-editor.default\">\n\t\t\t\t\t\t\t\t\t<p><strong>Para j\u00f3venes:<\/strong> Obtenga m\u00e1s informaci\u00f3n sobre el C\u00edrculo de J\u00f3venes de la Coalici\u00f3n organizado por Clean Coast Collaborative del Instituto de Estrategias P\u00fablicas.\u00a0<\/p>\t\t\t\t\t\t\t\t<\/div>\n\t\t\t\t<div class=\"elementor-element elementor-element-982c767 elementor-invisible elementor-widget elementor-widget-button\" data-id=\"982c767\" data-element_type=\"widget\" data-settings=\"{&quot;_animation&quot;:&quot;fadeInLeft&quot;}\" data-widget_type=\"button.default\">\n\t\t\t\t\t\t\t\t\t\t<a class=\"elementor-button elementor-button-link elementor-size-sm\" href=\"https:\/\/drive.google.com\/file\/d\/1gNpFtcPLmfAPf1YKlEKueZNNHkq8ck62\/view\" target=\"_blank\">\n\t\t\t\t\t\t<span class=\"elementor-button-content-wrapper\">\n\t\t\t\t\t\t\t\t\t<span class=\"elementor-button-text\">Volantes<\/span>\n\t\t\t\t\t<\/span>\n\t\t\t\t\t<\/a>\n\t\t\t\t\t\t\t\t<\/div>\n\t\t\t\t<\/div>\n\t\t\t\t\t<\/div>\n\t\t\t\t<\/div>\n\t\t<div class=\"elementor-element elementor-element-334d593 e-flex e-con-boxed e-con e-child\" data-id=\"334d593\" data-element_type=\"container\">\n\t\t\t\t\t<div class=\"e-con-inner\">\n\t\t<div class=\"elementor-element elementor-element-76d573b e-con-full e-flex elementor-invisible e-con e-child\" data-id=\"76d573b\" data-element_type=\"container\" data-settings=\"{&quot;animation&quot;:&quot;fadeInLeft&quot;}\">\n\t\t\t\t<div class=\"elementor-element elementor-element-de466f3 elementor-widget elementor-widget-heading\" data-id=\"de466f3\" data-element_type=\"widget\" data-widget_type=\"heading.default\">\n\t\t\t\t\t<h3 class=\"elementor-heading-title elementor-size-default\">INFORME<\/h3>\t\t\t\t<\/div>\n\t\t\t\t<div class=\"elementor-element elementor-element-6cf5578 elementor-widget elementor-widget-text-editor\" data-id=\"6cf5578\" data-element_type=\"widget\" data-widget_type=\"text-editor.default\">\n\t\t\t\t\t\t\t\t\t<p>Comparta sus experiencias viviendo, trabajando y visitando la cuenca del r\u00edo Tijuana. Nuestras experiencias colectivas son cruciales para comprender el alcance total de los impactos de la contaminaci\u00f3n transfronteriza y comunicarlos para impulsar soluciones.\u00a0<\/p><ul><li>Complete the <a href=\"https:\/\/tjriver.sdsu.edu\/\" target=\"_blank\" rel=\"noopener\">Encuesta de salud comunitaria de SDSU<\/a><p data-pm-slice=\"1 1 []\">to help identify health issues linked to environmental conditions in your community, contribute to research that could lead to improvements in public health and the environment, and share your experiences and concerns about the quality of air and water.<\/p><\/li><li>Reportar olores a <a href=\"https:\/\/www.sdapcd.org\/content\/sdapcd\/compliance\/air-quality-complaints.html\" target=\"_blank\" rel=\"noopener\">San Diego County&#8217;s Air Pollution Control District<\/a> to elevate this issue at the County and encourage action.<br \/><a href=\"https:\/\/www.sdapcd.org\/content\/sdapcd\/compliance\/air-quality-complaints.html\" target=\"_blank\" rel=\"noopener\"><br \/><\/a><ul><li>Despl\u00e1cese hacia abajo hasta \u201cC\u00f3mo informar una queja sobre la calidad del aire\u201d y haga clic en los enlaces para descargar la aplicaci\u00f3n.<\/li><li>Cuantos m\u00e1s informes reciban, mayor ser\u00e1 la presi\u00f3n para que respondan y m\u00e1s datos tendr\u00e1n para impulsar la defensa.<br \/><br \/><\/li><\/ul><\/li><li><p data-pm-slice=\"1 1 []\">Report illnesses from exposure to contaminated water to Surfrider Foundation through the <a href=\"https:\/\/docs.google.com\/forms\/d\/e\/1FAIpQLSfqX3Q9Nw-e1rI9TjSRcwHx2u57djby80PdwbEU7qgHVTGfQw\/viewform\" target=\"_blank\" rel=\"noopener\">Informe sobre enfermedades relacionadas con la calidad del agua<\/a><\/p><\/li><li>Tell your doctor if you live, work, or frequent areas in or near the Tijuana River Valley at your next visit to provide context about what might be causing your symptoms and to add to the record of where impacts are being experienced<\/li><\/ul>\t\t\t\t\t\t\t\t<\/div>\n\t\t\t\t<\/div>\n\t\t<div class=\"elementor-element elementor-element-652a778 e-con-full e-flex elementor-invisible e-con e-child\" data-id=\"652a778\" data-element_type=\"container\" data-settings=\"{&quot;animation&quot;:&quot;fadeInRight&quot;}\">\n\t\t<div class=\"elementor-element elementor-element-303a6ee e-con-full e-flex e-con e-child\" data-id=\"303a6ee\" data-element_type=\"container\" data-settings=\"{&quot;background_background&quot;:&quot;classic&quot;}\">\n\t\t\t\t<div class=\"elementor-element elementor-element-cec2de7 elementor-absolute elementor-widget elementor-widget-image\" data-id=\"cec2de7\" data-element_type=\"widget\" data-settings=\"{&quot;_position&quot;:&quot;absolute&quot;}\" data-widget_type=\"image.default\">\n\t\t\t\t\t\t\t\t\t\t\t\t\t\t\t<img decoding=\"async\" width=\"558\" height=\"160\" src=\"https:\/\/tijuanarivercoalition.org\/wp-content\/uploads\/2025\/07\/Rectangle-306.png\" class=\"attachment-full size-full wp-image-354\" alt=\"\" srcset=\"https:\/\/tijuanarivercoalition.org\/wp-content\/uploads\/2025\/07\/Rectangle-306.png 558w, https:\/\/tijuanarivercoalition.org\/wp-content\/uploads\/2025\/07\/Rectangle-306-300x86.png 300w\" sizes=\"(max-width: 558px) 100vw, 558px\" \/>\t\t\t\t\t\t\t\t\t\t\t\t\t\t\t<\/div>\n\t\t\t\t<\/div>\n\t\t\t\t<\/div>\n\t\t\t\t\t<\/div>\n\t\t\t\t<\/div>\n\t\t\t\t<\/div>\n\t\t<div class=\"elementor-element elementor-element-32dc56c e-flex e-con-boxed e-con e-parent\" data-id=\"32dc56c\" data-element_type=\"container\">\n\t\t\t\t\t<div class=\"e-con-inner\">\n\t\t\t\t<div class=\"elementor-element elementor-element-1e52ff7 elementor-widget elementor-widget-heading\" data-id=\"1e52ff7\" data-element_type=\"widget\" data-widget_type=\"heading.default\">\n\t\t\t\t\t<h2 class=\"elementor-heading-title elementor-size-default\">Coalition Calender<\/h2>\t\t\t\t<\/div>\n\t\t\t\t<div class=\"elementor-element elementor-element-6c6903f elementor-widget elementor-widget-text-editor\" data-id=\"6c6903f\" data-element_type=\"widget\" data-widget_type=\"text-editor.default\">\n\t\t\t\t\t\t\t\t\t<p data-start=\"752\" data-end=\"896\">Join upcoming meetings, community events, and mobilizations supporting the health of the Tijuana River.<\/p>\t\t\t\t\t\t\t\t<\/div>\n\t\t\t\t<div class=\"elementor-element elementor-element-736d12e elementor-widget elementor-widget-html\" data-id=\"736d12e\" data-element_type=\"widget\" data-widget_type=\"html.default\">\n\t\t\t\t\t <iframe src=\"https:\/\/calendar.google.com\/calendar\/embed?height=600&wkst=1&ctz=America%2FLos_Angeles&showPrint=0&title=Tijuana%20River%20Coalition&src=Y181ZGMxNjNkMmJjMzk5OGUwMDYyOTJkMzJmNzgxOTBjYzAwMTgwOWY1ODExODExMjhlYTgwOThjMjY2ZDhjMjYwQGdyb3VwLmNhbGVuZGFyLmdvb2dsZS5jb20&src=Y18xMmQwYzYzNzNhMzg5OTNhZDhlMjdiZTEzNTViNDM2MWJlZmQxZmFiYTExZDViODkzN2E0YTYwM2M1NjM3OGU5QGdyb3VwLmNhbGVuZGFyLmdvb2dsZS5jb20&src=Y19jMWE3MTExYzM4OTk0MDFjMDc0MmIzMTJmNjAxYzM1NzI1NmQzYTdmZjdhNmZiM2M5OTA4YWM2ODZlZGZmM2UyQGdyb3VwLmNhbGVuZGFyLmdvb2dsZS5jb20&src=Y19mOGJkNzQwZGZlMTRkMjM4ZTUwMjM3NWFmNWFmNjIxNWE4NjI3MzYwZmI1ZWQzMThjODIyMTI1MDYxYzllNjk0QGdyb3VwLmNhbGVuZGFyLmdvb2dsZS5jb20&src=Y184N2YyNTQ5YmMzYTc2ODAxNzk0NWMyMTIyNTdjMTZjYzVkMWY4MjUyNTFkNjQ5ZjdjMTg0Yjg2OTBiOTMyN2Y5QGdyb3VwLmNhbGVuZGFyLmdvb2dsZS5jb20&src=Y18xZTU4YjY1NTQyZTFkYmMwMDRlNmM2NzE4ODI1ZjNmOTFlYWQ0MGVhZWE2NmU1OTM4MTEyMzVkN2NjZDg4ZmJmQGdyb3VwLmNhbGVuZGFyLmdvb2dsZS5jb20&color=%23fd5901&color=%23249ea0&color=%23005f60&color=%23f6bf26&color=%233f8485&color=%23ed8211\" style=\"border-width:0\" width=\"800\" height=\"600\" frameborder=\"0\" scrolling=\"no\"><\/iframe>\t\t\t\t<\/div>\n\t\t\t\t\t<\/div>\n\t\t\t\t<\/div>\n\t\t\t\t<\/div>","protected":false},"excerpt":{"rendered":"<p>TAKE ACTION LEARN Visit our Resource Hub to learn more about the public health and ecological crisis in the Tijuana River Watershed, the work being done to address it, and how you can get involved. SIGN Sign the petition asking the Trump Administration to Declare a Federal Emergency Sign Now JOIN For Individuals: Join monthly [&hellip;]<\/p>","protected":false},"author":3,"featured_media":0,"parent":0,"menu_order":0,"comment_status":"closed","ping_status":"closed","template":"","meta":{"footnotes":"","_links_to":"","_links_to_target":""},"class_list":["post-1117","page","type-page","status-publish","hentry"],"_links":{"self":[{"href":"https:\/\/tijuanarivercoalition.org\/es\/wp-json\/wp\/v2\/pages\/1117","targetHints":{"allow":["GET"]}}],"collection":[{"href":"https:\/\/tijuanarivercoalition.org\/es\/wp-json\/wp\/v2\/pages"}],"about":[{"href":"https:\/\/tijuanarivercoalition.org\/es\/wp-json\/wp\/v2\/types\/page"}],"author":[{"embeddable":true,"href":"https:\/\/tijuanarivercoalition.org\/es\/wp-json\/wp\/v2\/users\/3"}],"replies":[{"embeddable":true,"href":"https:\/\/tijuanarivercoalition.org\/es\/wp-json\/wp\/v2\/comments?post=1117"}],"version-history":[{"count":0,"href":"https:\/\/tijuanarivercoalition.org\/es\/wp-json\/wp\/v2\/pages\/1117\/revisions"}],"wp:attachment":[{"href":"https:\/\/tijuanarivercoalition.org\/es\/wp-json\/wp\/v2\/media?parent=1117"}],"curies":[{"name":"wp","href":"https:\/\/api.w.org\/{rel}","templated":true}]}}