{"id":1075,"date":"2025-09-23T04:18:53","date_gmt":"2025-09-23T04:18:53","guid":{"rendered":"https:\/\/tijuanariverco.wpenginepowered.com\/?page_id=1075"},"modified":"2025-11-13T06:56:57","modified_gmt":"2025-11-13T06:56:57","slug":"what-we-do-dev","status":"publish","type":"page","link":"https:\/\/tijuanarivercoalition.org\/es\/what-we-do-dev\/","title":{"rendered":"What We Do"},"content":{"rendered":"<div data-elementor-type=\"wp-page\" data-elementor-id=\"1075\" class=\"elementor elementor-1075\" data-elementor-post-type=\"page\">\n\t\t\t\t<div class=\"elementor-element elementor-element-39050d99 e-con-full e-flex elementor-invisible e-con e-parent\" data-id=\"39050d99\" data-element_type=\"container\" data-settings=\"{&quot;background_background&quot;:&quot;gradient&quot;,&quot;animation&quot;:&quot;fadeIn&quot;}\">\n\t\t\t\t<div class=\"elementor-element elementor-element-512e9ee9 elementor-absolute elementor-widget elementor-widget-image\" data-id=\"512e9ee9\" data-element_type=\"widget\" data-settings=\"{&quot;_position&quot;:&quot;absolute&quot;}\" data-widget_type=\"image.default\">\n\t\t\t\t\t\t\t\t\t\t\t\t\t\t\t<img fetchpriority=\"high\" decoding=\"async\" width=\"444\" height=\"766\" src=\"https:\/\/tijuanarivercoalition.org\/wp-content\/uploads\/2025\/07\/Vector-2.svg\" class=\"attachment-full size-full wp-image-97\" alt=\"\" \/>\t\t\t\t\t\t\t\t\t\t\t\t\t\t\t<\/div>\n\t\t<div class=\"elementor-element elementor-element-8fcff82 e-flex e-con-boxed e-con e-child\" data-id=\"8fcff82\" data-element_type=\"container\">\n\t\t\t\t\t<div class=\"e-con-inner\">\n\t\t\t\t\t<\/div>\n\t\t\t\t<\/div>\n\t\t\t\t<\/div>\n\t\t<div class=\"elementor-element elementor-element-2f7e876c e-flex e-con-boxed e-con e-parent\" data-id=\"2f7e876c\" data-element_type=\"container\" id=\"who-we-are\">\n\t\t\t\t\t<div class=\"e-con-inner\">\n\t\t<div class=\"elementor-element elementor-element-2a25de6b e-con-full e-flex e-con e-child\" data-id=\"2a25de6b\" data-element_type=\"container\">\n\t\t<div class=\"elementor-element elementor-element-3227008b e-con-full e-flex elementor-invisible e-con e-child\" data-id=\"3227008b\" data-element_type=\"container\" data-settings=\"{&quot;animation&quot;:&quot;fadeInLeft&quot;}\">\n\t\t\t\t<div class=\"elementor-element elementor-element-14104623 elementor-widget elementor-widget-image\" data-id=\"14104623\" data-element_type=\"widget\" data-widget_type=\"image.default\">\n\t\t\t\t\t\t\t\t\t\t\t\t\t\t\t<img decoding=\"async\" width=\"2000\" height=\"1334\" src=\"https:\/\/tijuanarivercoalition.org\/wp-content\/uploads\/2025\/07\/1accc3ae8de8ddcb0a1466dce114e009d7def074.jpg\" class=\"attachment-full size-full wp-image-767\" alt=\"\" srcset=\"https:\/\/tijuanarivercoalition.org\/wp-content\/uploads\/2025\/07\/1accc3ae8de8ddcb0a1466dce114e009d7def074.jpg 2000w, https:\/\/tijuanarivercoalition.org\/wp-content\/uploads\/2025\/07\/1accc3ae8de8ddcb0a1466dce114e009d7def074-300x200.jpg 300w, https:\/\/tijuanarivercoalition.org\/wp-content\/uploads\/2025\/07\/1accc3ae8de8ddcb0a1466dce114e009d7def074-1024x683.jpg 1024w, https:\/\/tijuanarivercoalition.org\/wp-content\/uploads\/2025\/07\/1accc3ae8de8ddcb0a1466dce114e009d7def074-768x512.jpg 768w, https:\/\/tijuanarivercoalition.org\/wp-content\/uploads\/2025\/07\/1accc3ae8de8ddcb0a1466dce114e009d7def074-1536x1025.jpg 1536w\" sizes=\"(max-width: 2000px) 100vw, 2000px\" \/>\t\t\t\t\t\t\t\t\t\t\t\t\t\t\t<\/div>\n\t\t\t\t<div class=\"elementor-element elementor-element-6e7a494d elementor-absolute elementor-invisible elementor-widget elementor-widget-image\" data-id=\"6e7a494d\" data-element_type=\"widget\" data-settings=\"{&quot;_position&quot;:&quot;absolute&quot;,&quot;_animation&quot;:&quot;fadeInUp&quot;}\" data-widget_type=\"image.default\">\n\t\t\t\t\t\t\t\t\t\t\t\t\t\t\t<img decoding=\"async\" width=\"175\" height=\"246\" src=\"https:\/\/tijuanarivercoalition.org\/wp-content\/uploads\/2025\/07\/Group-1.svg\" class=\"attachment-full size-full wp-image-270\" alt=\"\" \/>\t\t\t\t\t\t\t\t\t\t\t\t\t\t\t<\/div>\n\t\t\t\t<\/div>\n\t\t<div class=\"elementor-element elementor-element-625a81a7 e-con-full e-flex elementor-invisible e-con e-child\" data-id=\"625a81a7\" data-element_type=\"container\" data-settings=\"{&quot;animation&quot;:&quot;fadeInRight&quot;}\">\n\t\t\t\t<div class=\"elementor-element elementor-element-bdb8bd6 elementor-widget elementor-widget-heading\" data-id=\"bdb8bd6\" data-element_type=\"widget\" data-widget_type=\"heading.default\">\n\t\t\t\t\t<h2 class=\"elementor-heading-title elementor-size-default\">We work collaboratively<\/h2>\t\t\t\t<\/div>\n\t\t\t\t<div class=\"elementor-element elementor-element-2a561fa3 elementor-widget elementor-widget-text-editor\" data-id=\"2a561fa3\" data-element_type=\"widget\" data-widget_type=\"text-editor.default\">\n\t\t\t\t\t\t\t\t\t<p>to build community, share information, advocate for solutions, and elevate community voices in our effort to address the ongoing public health crisis in the Tijuana River Watershed.<\/p><p>To do this, we work in five key areas of focus.\u00a0<\/p>\t\t\t\t\t\t\t\t<\/div>\n\t\t\t\t<\/div>\n\t\t\t\t<\/div>\n\t\t\t\t\t<\/div>\n\t\t\t\t<\/div>\n\t\t<div class=\"elementor-element elementor-element-bf6bc47 e-flex e-con-boxed e-con e-parent\" data-id=\"bf6bc47\" data-element_type=\"container\" id=\"what-we-do\" data-settings=\"{&quot;background_background&quot;:&quot;gradient&quot;}\">\n\t\t\t\t\t<div class=\"e-con-inner\">\n\t\t\t\t<div class=\"elementor-element elementor-element-3ae0285 elementor-widget elementor-widget-heading\" data-id=\"3ae0285\" data-element_type=\"widget\" data-widget_type=\"heading.default\">\n\t\t\t\t\t<h2 class=\"elementor-heading-title elementor-size-default\">Five Areas of Focus<\/h2>\t\t\t\t<\/div>\n\t\t<div class=\"elementor-element elementor-element-c4a15cb e-con-full e-flex e-con e-child\" data-id=\"c4a15cb\" data-element_type=\"container\">\n\t\t<div class=\"elementor-element elementor-element-3005569 e-con-full e-flex e-con e-child\" data-id=\"3005569\" data-element_type=\"container\">\n\t\t<div class=\"elementor-element elementor-element-5b28bf6 e-con-full e-flex elementor-invisible e-con e-child\" data-id=\"5b28bf6\" data-element_type=\"container\" data-settings=\"{&quot;animation&quot;:&quot;fadeInLeft&quot;}\">\n\t\t\t\t<div class=\"elementor-element elementor-element-98cc63f elementor-widget elementor-widget-image\" data-id=\"98cc63f\" data-element_type=\"widget\" data-widget_type=\"image.default\">\n\t\t\t\t\t\t\t\t\t\t\t\t\t\t\t<img loading=\"lazy\" decoding=\"async\" width=\"54\" height=\"68\" src=\"https:\/\/tijuanarivercoalition.org\/wp-content\/uploads\/2025\/07\/Vector-3.svg\" class=\"attachment-large size-large wp-image-316\" alt=\"\" \/>\t\t\t\t\t\t\t\t\t\t\t\t\t\t\t<\/div>\n\t\t\t\t<div class=\"elementor-element elementor-element-125ea6c elementor-widget elementor-widget-heading\" data-id=\"125ea6c\" data-element_type=\"widget\" data-widget_type=\"heading.default\">\n\t\t\t\t\t<h3 class=\"elementor-heading-title elementor-size-default\"><span style=\"font-size: 22px\">Salud p\u00fablica<\/span><\/h3>\t\t\t\t<\/div>\n\t\t\t\t<div class=\"elementor-element elementor-element-9f15724 elementor-widget elementor-widget-heading\" data-id=\"9f15724\" data-element_type=\"widget\" data-widget_type=\"heading.default\">\n\t\t\t\t\t<p class=\"elementor-heading-title elementor-size-default\">Untreated sewage and industrial waste polluting the water and air in the San Diego\/Tijuana region are leading to immediate and long-term illnesses, including impacts to mental health.&nbsp; Those especially vulnerable include children, older adults, and immunocompromised community members.&nbsp; Working-class, border-area communities that predominantly identify as Latino\/x disproportionately bear the brunt of negative health impacts and tend to have less access to public health resources and decision-making processes.&nbsp;<\/p>\t\t\t\t<\/div>\n\t\t\t\t<\/div>\n\t\t\t\t<\/div>\n\t\t<div class=\"elementor-element elementor-element-43c5736 e-con-full e-flex e-con e-child\" data-id=\"43c5736\" data-element_type=\"container\">\n\t\t<div class=\"elementor-element elementor-element-139d69c e-con-full e-flex elementor-invisible e-con e-child\" data-id=\"139d69c\" data-element_type=\"container\" data-settings=\"{&quot;animation&quot;:&quot;fadeInUp&quot;}\">\n\t\t\t\t<div class=\"elementor-element elementor-element-e1954db elementor-widget elementor-widget-image\" data-id=\"e1954db\" data-element_type=\"widget\" data-widget_type=\"image.default\">\n\t\t\t\t\t\t\t\t\t\t\t\t\t\t\t<img loading=\"lazy\" decoding=\"async\" width=\"127\" height=\"69\" src=\"https:\/\/tijuanarivercoalition.org\/wp-content\/uploads\/2025\/07\/Vector-4.svg\" class=\"attachment-large size-large wp-image-329\" alt=\"\" \/>\t\t\t\t\t\t\t\t\t\t\t\t\t\t\t<\/div>\n\t\t\t\t<div class=\"elementor-element elementor-element-3b03479 elementor-widget elementor-widget-heading\" data-id=\"3b03479\" data-element_type=\"widget\" data-widget_type=\"heading.default\">\n\t\t\t\t\t<h3 class=\"elementor-heading-title elementor-size-default\">Impactos ecol\u00f3gicos<\/h3>\t\t\t\t<\/div>\n\t\t\t\t<div class=\"elementor-element elementor-element-b738ead elementor-widget elementor-widget-heading\" data-id=\"b738ead\" data-element_type=\"widget\" data-widget_type=\"heading.default\">\n\t\t\t\t\t<p class=\"elementor-heading-title elementor-size-default\">El Estuario de Tijuana \u2014el humedal costero m\u00e1s grande del sur de California, una de las pocas marismas que quedan y hogar de m\u00e1s de 370 especies de aves\u2014 es uno de los numerosos ecosistemas \u00fanicos y amenazados que se encuentran en la cuenca del r\u00edo Tijuana. La destrucci\u00f3n del h\u00e1bitat y la p\u00e9rdida de diversidad de especies debido a la contaminaci\u00f3n transfronteriza est\u00e1n teniendo consecuencias devastadoras para las poblaciones de fauna silvestre local y migratoria, as\u00ed como para la salud general del ecosistema.\u00a0\u00a0<\/p>\t\t\t\t<\/div>\n\t\t\t\t<\/div>\n\t\t\t\t<\/div>\n\t\t<div class=\"elementor-element elementor-element-1ef7bd1 e-con-full e-flex e-con e-child\" data-id=\"1ef7bd1\" data-element_type=\"container\">\n\t\t<div class=\"elementor-element elementor-element-36761f0 e-con-full e-flex elementor-invisible e-con e-child\" data-id=\"36761f0\" data-element_type=\"container\" data-settings=\"{&quot;animation&quot;:&quot;fadeInRight&quot;}\">\n\t\t\t\t<div class=\"elementor-element elementor-element-134c0e4 elementor-widget elementor-widget-image\" data-id=\"134c0e4\" data-element_type=\"widget\" data-widget_type=\"image.default\">\n\t\t\t\t\t\t\t\t\t\t\t\t\t\t\t<img loading=\"lazy\" decoding=\"async\" width=\"96\" height=\"68\" src=\"https:\/\/tijuanarivercoalition.org\/wp-content\/uploads\/2025\/07\/Group-2.svg\" class=\"attachment-large size-large wp-image-333\" alt=\"\" \/>\t\t\t\t\t\t\t\t\t\t\t\t\t\t\t<\/div>\n\t\t\t\t<div class=\"elementor-element elementor-element-1246d26 elementor-widget elementor-widget-heading\" data-id=\"1246d26\" data-element_type=\"widget\" data-widget_type=\"heading.default\">\n\t\t\t\t\t<h3 class=\"elementor-heading-title elementor-size-default\">Acceso costero<\/h3>\t\t\t\t<\/div>\n\t\t\t\t<div class=\"elementor-element elementor-element-b7f7cb6 elementor-widget elementor-widget-heading\" data-id=\"b7f7cb6\" data-element_type=\"widget\" data-widget_type=\"heading.default\">\n\t\t\t\t\t<p class=\"elementor-heading-title elementor-size-default\">Las experiencias transformadoras al aire libre promueven el bienestar de ni\u00f1os, j\u00f3venes e individuos, y fortalecen la comunidad. Debido a las condiciones t\u00f3xicas en el Valle del R\u00edo Tijuana y sus alrededores, generaciones de ni\u00f1os est\u00e1n perdiendo la oportunidad de interactuar de forma segura con la naturaleza y desarrollar las conexiones que impulsan decisiones y comportamientos que protegen el medio ambiente. Quienes tienen v\u00ednculos culturales y espirituales con la tierra y el agua se ven aislados de \u00e1reas significativas y pr\u00e1cticas. \u00a0<\/p>\t\t\t\t<\/div>\n\t\t\t\t<\/div>\n\t\t\t\t<\/div>\n\t\t\t\t<\/div>\n\t\t<div class=\"elementor-element elementor-element-4d04cf5 e-con-full e-flex e-con e-child\" data-id=\"4d04cf5\" data-element_type=\"container\">\n\t\t<div class=\"elementor-element elementor-element-66fdc55 e-con-full e-flex e-con e-child\" data-id=\"66fdc55\" data-element_type=\"container\">\n\t\t<div class=\"elementor-element elementor-element-411e3a3 e-con-full e-flex elementor-invisible e-con e-child\" data-id=\"411e3a3\" data-element_type=\"container\" data-settings=\"{&quot;animation&quot;:&quot;fadeInLeft&quot;}\">\n\t\t\t\t<div class=\"elementor-element elementor-element-25b8f00 elementor-widget elementor-widget-image\" data-id=\"25b8f00\" data-element_type=\"widget\" data-widget_type=\"image.default\">\n\t\t\t\t\t\t\t\t\t\t\t\t\t\t\t<img loading=\"lazy\" decoding=\"async\" width=\"117\" height=\"74\" src=\"https:\/\/tijuanarivercoalition.org\/wp-content\/uploads\/2025\/07\/Vector-5.svg\" class=\"attachment-large size-large wp-image-343\" alt=\"\" \/>\t\t\t\t\t\t\t\t\t\t\t\t\t\t\t<\/div>\n\t\t\t\t<div class=\"elementor-element elementor-element-f457432 elementor-widget elementor-widget-heading\" data-id=\"f457432\" data-element_type=\"widget\" data-widget_type=\"heading.default\">\n\t\t\t\t\t<h3 class=\"elementor-heading-title elementor-size-default\">Impactos econ\u00f3micos<\/h3>\t\t\t\t<\/div>\n\t\t\t\t<div class=\"elementor-element elementor-element-007bafa elementor-widget elementor-widget-heading\" data-id=\"007bafa\" data-element_type=\"widget\" data-widget_type=\"heading.default\">\n\t\t\t\t\t<p class=\"elementor-heading-title elementor-size-default\">Las comunidades a ambos lados de la frontera sustentan s\u00f3lidas econom\u00edas locales, regionales y nacionales. El cierre de playas y los impactos en la salud han puesto en grave riesgo a empresas multisectoriales, especialmente en el sector tur\u00edstico. Cuando ni\u00f1os y adultos enferman, faltan a la escuela y al trabajo. Algunos negocios se han visto obligados a despedir personal y cerrar sus puertas, mientras que muchos residentes han perdido sus medios de vida y, con ellos, su acceso a la atenci\u00f3n m\u00e9dica. \u00a0<\/p>\t\t\t\t<\/div>\n\t\t\t\t<\/div>\n\t\t\t\t<\/div>\n\t\t<div class=\"elementor-element elementor-element-50f3c94 e-con-full e-flex elementor-invisible e-con e-child\" data-id=\"50f3c94\" data-element_type=\"container\" data-settings=\"{&quot;animation&quot;:&quot;fadeInRight&quot;}\">\n\t\t<div class=\"elementor-element elementor-element-0038f2a e-con-full e-flex e-con e-child\" data-id=\"0038f2a\" data-element_type=\"container\">\n\t\t\t\t<div class=\"elementor-element elementor-element-f4108d4 elementor-widget elementor-widget-image\" data-id=\"f4108d4\" data-element_type=\"widget\" data-widget_type=\"image.default\">\n\t\t\t\t\t\t\t\t\t\t\t\t\t\t\t<img loading=\"lazy\" decoding=\"async\" width=\"195\" height=\"194\" src=\"https:\/\/tijuanarivercoalition.org\/wp-content\/uploads\/2025\/07\/Flower.svg\" class=\"attachment-large size-large wp-image-168\" alt=\"\" \/>\t\t\t\t\t\t\t\t\t\t\t\t\t\t\t<\/div>\n\t\t\t\t<div class=\"elementor-element elementor-element-95ca06c elementor-widget elementor-widget-heading\" data-id=\"95ca06c\" data-element_type=\"widget\" data-widget_type=\"heading.default\">\n\t\t\t\t\t<h3 class=\"elementor-heading-title elementor-size-default\">Seguridad nacional<\/h3>\t\t\t\t<\/div>\n\t\t\t\t<div class=\"elementor-element elementor-element-043676c elementor-widget elementor-widget-heading\" data-id=\"043676c\" data-element_type=\"widget\" data-widget_type=\"heading.default\">\n\t\t\t\t\t<p class=\"elementor-heading-title elementor-size-default\">Durante generaciones, militares y socorristas se han entrenado, trabajado y realizado rescates vitales en el Valle del R\u00edo Tijuana y las costas del sur de California. Los SEALS de la Marina de los EE. UU., la Guardia Costera, los agentes de la Patrulla Fronteriza, los socorristas y otros se exponen ahora a enfermedades graves al realizar sus tareas laborales, lo que pone en peligro operaciones importantes, la seguridad p\u00fablica y la seguridad nacional.\u00a0<\/p>\t\t\t\t<\/div>\n\t\t\t\t<\/div>\n\t\t\t\t<\/div>\n\t\t\t\t<\/div>\n\t\t\t\t\t<\/div>\n\t\t\t\t<\/div>\n\t\t<div class=\"elementor-element elementor-element-026ae80 e-flex e-con-boxed e-con e-parent\" data-id=\"026ae80\" data-element_type=\"container\">\n\t\t\t\t\t<div class=\"e-con-inner\">\n\t\t\t\t\t<\/div>\n\t\t\t\t<\/div>\n\t\t\t\t<\/div>","protected":false},"excerpt":{"rendered":"<p>We work collaboratively to build community, share information, advocate for solutions, and elevate community voices in our effort to address the ongoing public health crisis in the Tijuana River Watershed. To do this, we work in five key areas of focus.\u00a0 Five Areas of Focus Public Health Untreated sewage and industrial waste polluting the water [&hellip;]<\/p>","protected":false},"author":3,"featured_media":0,"parent":0,"menu_order":0,"comment_status":"closed","ping_status":"closed","template":"","meta":{"footnotes":"","_links_to":"","_links_to_target":""},"class_list":["post-1075","page","type-page","status-publish","hentry"],"_links":{"self":[{"href":"https:\/\/tijuanarivercoalition.org\/es\/wp-json\/wp\/v2\/pages\/1075","targetHints":{"allow":["GET"]}}],"collection":[{"href":"https:\/\/tijuanarivercoalition.org\/es\/wp-json\/wp\/v2\/pages"}],"about":[{"href":"https:\/\/tijuanarivercoalition.org\/es\/wp-json\/wp\/v2\/types\/page"}],"author":[{"embeddable":true,"href":"https:\/\/tijuanarivercoalition.org\/es\/wp-json\/wp\/v2\/users\/3"}],"replies":[{"embeddable":true,"href":"https:\/\/tijuanarivercoalition.org\/es\/wp-json\/wp\/v2\/comments?post=1075"}],"version-history":[{"count":0,"href":"https:\/\/tijuanarivercoalition.org\/es\/wp-json\/wp\/v2\/pages\/1075\/revisions"}],"wp:attachment":[{"href":"https:\/\/tijuanarivercoalition.org\/es\/wp-json\/wp\/v2\/media?parent=1075"}],"curies":[{"name":"wp","href":"https:\/\/api.w.org\/{rel}","templated":true}]}}