{"id":1074,"date":"2025-09-22T04:09:57","date_gmt":"2025-09-22T04:09:57","guid":{"rendered":"https:\/\/tijuanariverco.wpenginepowered.com\/?page_id=1074"},"modified":"2026-01-05T20:03:18","modified_gmt":"2026-01-05T20:03:18","slug":"home-2","status":"publish","type":"page","link":"https:\/\/tijuanarivercoalition.org\/es\/","title":{"rendered":"Home"},"content":{"rendered":"<div data-elementor-type=\"wp-page\" data-elementor-id=\"1074\" class=\"elementor elementor-1074\" data-elementor-post-type=\"page\">\n\t\t\t\t<div class=\"elementor-element elementor-element-d0625de e-con-full e-flex e-con e-parent\" data-id=\"d0625de\" data-element_type=\"container\" data-settings=\"{&quot;background_background&quot;:&quot;classic&quot;,&quot;background_motion_fx_motion_fx_scrolling&quot;:&quot;yes&quot;,&quot;xpro_backdrop_filter&quot;:&quot;yes&quot;,&quot;background_motion_fx_devices&quot;:[&quot;desktop&quot;,&quot;tablet&quot;,&quot;mobile&quot;]}\">\n\t\t\t\t<div class=\"elementor-element elementor-element-eabffe9 elementor-headline--style-highlight elementor-widget elementor-widget-animated-headline\" data-id=\"eabffe9\" data-element_type=\"widget\" data-settings=\"{&quot;marker&quot;:&quot;double&quot;,&quot;highlighted_text&quot;:&quot;Advocate for Solutions&quot;,&quot;xpro_backdrop_filter&quot;:&quot;yes&quot;,&quot;motion_fx_motion_fx_scrolling&quot;:&quot;yes&quot;,&quot;motion_fx_translateY_effect&quot;:&quot;yes&quot;,&quot;motion_fx_translateY_speed&quot;:{&quot;unit&quot;:&quot;px&quot;,&quot;size&quot;:1,&quot;sizes&quot;:[]},&quot;headline_style&quot;:&quot;highlight&quot;,&quot;highlight_animation_duration&quot;:1200,&quot;motion_fx_translateY_affectedRange&quot;:{&quot;unit&quot;:&quot;%&quot;,&quot;size&quot;:&quot;&quot;,&quot;sizes&quot;:{&quot;start&quot;:0,&quot;end&quot;:100}},&quot;motion_fx_devices&quot;:[&quot;desktop&quot;,&quot;tablet&quot;,&quot;mobile&quot;]}\" data-widget_type=\"animated-headline.default\">\n\t\t\t\t\t\t\t<h3 class=\"elementor-headline\">\n\t\t\t\t\t<span class=\"elementor-headline-plain-text elementor-headline-text-wrapper\">Join us to <\/span>\n\t\t\t\t<span class=\"elementor-headline-dynamic-wrapper elementor-headline-text-wrapper\">\n\t\t\t\t\t<span class=\"elementor-headline-dynamic-text elementor-headline-text-active\">Advocate for Solutions<\/span>\n\t\t\t\t<\/span>\n\t\t\t\t\t<span class=\"elementor-headline-plain-text elementor-headline-text-wrapper\">to the Public Health Crisis in the Tijuana River Watershed and Heal Our Communities<\/span>\n\t\t\t\t\t<\/h3>\n\t\t\t\t\t\t<\/div>\n\t\t\t\t<\/div>\n\t\t<div class=\"elementor-element elementor-element-946efce e-con-full e-flex e-con e-parent\" data-id=\"946efce\" data-element_type=\"container\" data-settings=\"{&quot;background_background&quot;:&quot;classic&quot;}\">\n\t\t<div class=\"elementor-element elementor-element-718b59f e-flex e-con-boxed e-con e-child\" data-id=\"718b59f\" data-element_type=\"container\">\n\t\t\t\t\t<div class=\"e-con-inner\">\n\t\t<div class=\"elementor-element elementor-element-39f9507 e-con-full e-flex e-con e-child\" data-id=\"39f9507\" data-element_type=\"container\">\n\t\t\t\t<div class=\"elementor-element elementor-element-4dc55de elementor-widget__width-initial elementor-invisible elementor-widget elementor-widget-image\" data-id=\"4dc55de\" data-element_type=\"widget\" data-settings=\"{&quot;_animation&quot;:&quot;fadeIn&quot;}\" data-widget_type=\"image.default\">\n\t\t\t\t\t\t\t\t\t\t\t\t\t\t\t<img fetchpriority=\"high\" decoding=\"async\" width=\"2560\" height=\"1920\" src=\"https:\/\/tijuanarivercoalition.org\/wp-content\/uploads\/2025\/07\/4e4662d07a84c2612f55086f9393d505b06e4e14-1-scaled.jpg\" class=\"attachment-full size-full wp-image-162\" alt=\"\" srcset=\"https:\/\/tijuanarivercoalition.org\/wp-content\/uploads\/2025\/07\/4e4662d07a84c2612f55086f9393d505b06e4e14-1-scaled.jpg 2560w, https:\/\/tijuanarivercoalition.org\/wp-content\/uploads\/2025\/07\/4e4662d07a84c2612f55086f9393d505b06e4e14-1-300x225.jpg 300w, https:\/\/tijuanarivercoalition.org\/wp-content\/uploads\/2025\/07\/4e4662d07a84c2612f55086f9393d505b06e4e14-1-1024x768.jpg 1024w, https:\/\/tijuanarivercoalition.org\/wp-content\/uploads\/2025\/07\/4e4662d07a84c2612f55086f9393d505b06e4e14-1-768x576.jpg 768w, https:\/\/tijuanarivercoalition.org\/wp-content\/uploads\/2025\/07\/4e4662d07a84c2612f55086f9393d505b06e4e14-1-1536x1152.jpg 1536w, https:\/\/tijuanarivercoalition.org\/wp-content\/uploads\/2025\/07\/4e4662d07a84c2612f55086f9393d505b06e4e14-1-2048x1536.jpg 2048w\" sizes=\"(max-width: 2560px) 100vw, 2560px\" \/>\t\t\t\t\t\t\t\t\t\t\t\t\t\t\t<\/div>\n\t\t\t\t<div class=\"elementor-element elementor-element-7defb59 elementor-absolute elementor-widget elementor-widget-image\" data-id=\"7defb59\" data-element_type=\"widget\" data-settings=\"{&quot;_position&quot;:&quot;absolute&quot;,&quot;motion_fx_motion_fx_scrolling&quot;:&quot;yes&quot;,&quot;motion_fx_range&quot;:&quot;viewport&quot;,&quot;xpro_elementor_floating_fx&quot;:&quot;yes&quot;,&quot;xpro_elementor_floating_fx_rotate_toggle&quot;:&quot;yes&quot;,&quot;xpro_elementor_floating_fx_rotate_z&quot;:{&quot;unit&quot;:&quot;px&quot;,&quot;size&quot;:&quot;&quot;,&quot;sizes&quot;:{&quot;from&quot;:-180,&quot;to&quot;:180}},&quot;xpro_elementor_floating_fx_rotate_duration&quot;:{&quot;unit&quot;:&quot;px&quot;,&quot;size&quot;:10000,&quot;sizes&quot;:[]},&quot;xpro_elementor_floating_fx_rotate_delay&quot;:{&quot;unit&quot;:&quot;px&quot;,&quot;size&quot;:600,&quot;sizes&quot;:[]},&quot;motion_fx_devices&quot;:[&quot;desktop&quot;,&quot;tablet&quot;,&quot;mobile&quot;]}\" data-widget_type=\"image.default\">\n\t\t\t\t\t\t\t\t\t\t\t\t\t\t\t<img decoding=\"async\" width=\"195\" height=\"194\" src=\"https:\/\/tijuanarivercoalition.org\/wp-content\/uploads\/2025\/07\/Flower.svg\" class=\"attachment-large size-large wp-image-168\" alt=\"\" \/>\t\t\t\t\t\t\t\t\t\t\t\t\t\t\t<\/div>\n\t\t\t\t<\/div>\n\t\t<div class=\"elementor-element elementor-element-3ec6b91 e-con-full e-flex e-con e-child\" data-id=\"3ec6b91\" data-element_type=\"container\">\n\t\t\t\t<div class=\"elementor-element elementor-element-13f28f4 elementor-widget elementor-widget-heading\" data-id=\"13f28f4\" data-element_type=\"widget\" data-widget_type=\"heading.default\">\n\t\t\t\t\t<h2 class=\"elementor-heading-title elementor-size-default\">The Tijuana River Watershed in the San Diego - Tijuana transboundary region<\/h2>\t\t\t\t<\/div>\n\t\t\t\t<div class=\"elementor-element elementor-element-5e64ed9 elementor-widget elementor-widget-text-editor\" data-id=\"5e64ed9\" data-element_type=\"widget\" data-widget_type=\"text-editor.default\">\n\t\t\t\t\t\t\t\t\t<p>is steeped in rich multicultural identities that date back thousands of years. The River holds paramount significance for both inland and coastal communities and the delicate ecosystems it traverses.<\/p><p>Yet, despite its cultural, ecological, and geopolitical importance, this complex and beautiful region is plagued with severe transboundary pollution, impacting 20 miles of international coastline and millions of residents throughout the region. Every year billions of gallons of toxic waste carrying raw sewage, industrial chemicals, and trash flow across the U.S.\/Mexico border through the Tijuana River Watershed and out into the Pacific Ocean.<\/p>\t\t\t\t\t\t\t\t<\/div>\n\t\t\t\t<div class=\"elementor-element elementor-element-958b039 elementor-absolute e-transform elementor-widget elementor-widget-image\" data-id=\"958b039\" data-element_type=\"widget\" data-settings=\"{&quot;_position&quot;:&quot;absolute&quot;,&quot;_transform_translateX_effect&quot;:{&quot;unit&quot;:&quot;px&quot;,&quot;size&quot;:0,&quot;sizes&quot;:[]},&quot;_transform_translateY_effect&quot;:{&quot;unit&quot;:&quot;px&quot;,&quot;size&quot;:159,&quot;sizes&quot;:[]},&quot;_transform_translateY_effect_mobile&quot;:{&quot;unit&quot;:&quot;px&quot;,&quot;size&quot;:25,&quot;sizes&quot;:[]},&quot;_transform_translateX_effect_tablet&quot;:{&quot;unit&quot;:&quot;px&quot;,&quot;size&quot;:&quot;&quot;,&quot;sizes&quot;:[]},&quot;_transform_translateX_effect_mobile&quot;:{&quot;unit&quot;:&quot;px&quot;,&quot;size&quot;:&quot;&quot;,&quot;sizes&quot;:[]},&quot;_transform_translateY_effect_tablet&quot;:{&quot;unit&quot;:&quot;px&quot;,&quot;size&quot;:&quot;&quot;,&quot;sizes&quot;:[]}}\" data-widget_type=\"image.default\">\n\t\t\t\t\t\t\t\t\t\t\t\t\t\t\t<img decoding=\"async\" width=\"188\" height=\"202\" src=\"https:\/\/tijuanarivercoalition.org\/wp-content\/uploads\/2025\/07\/Bird.svg\" class=\"attachment-large size-large wp-image-175\" alt=\"\" \/>\t\t\t\t\t\t\t\t\t\t\t\t\t\t\t<\/div>\n\t\t\t\t<\/div>\n\t\t\t\t\t<\/div>\n\t\t\t\t<\/div>\n\t\t\t\t<\/div>\n\t\t<div class=\"elementor-element elementor-element-4d63d1a e-con-full e-flex e-con e-parent\" data-id=\"4d63d1a\" data-element_type=\"container\" data-settings=\"{&quot;background_background&quot;:&quot;classic&quot;}\">\n\t\t<div class=\"elementor-element elementor-element-6deaa09 e-flex e-con-boxed e-con e-child\" data-id=\"6deaa09\" data-element_type=\"container\">\n\t\t\t\t\t<div class=\"e-con-inner\">\n\t\t<div class=\"elementor-element elementor-element-699a3a2 e-con-full e-flex e-con e-child\" data-id=\"699a3a2\" data-element_type=\"container\">\n\t\t\t\t<div class=\"elementor-element elementor-element-3ccf841 elementor-widget elementor-widget-heading\" data-id=\"3ccf841\" data-element_type=\"widget\" data-widget_type=\"heading.default\">\n\t\t\t\t\t<h2 class=\"elementor-heading-title elementor-size-default\">Decades of neglect, in both countries<\/h2>\t\t\t\t<\/div>\n\t\t\t\t<div class=\"elementor-element elementor-element-b03ec7c elementor-widget elementor-widget-text-editor\" data-id=\"b03ec7c\" data-element_type=\"widget\" data-widget_type=\"text-editor.default\">\n\t\t\t\t\t\t\t\t\t<p>to invest in wastewater management infrastructure that keeps people and ecosystems safe and a lack of political will to address the situation have allowed the Tijuana River Watershed to become so polluted that it\u2019s making people sick.\u00a0 This has become one of the worst ongoing public health crises in both nations.\u00a0<\/p>\t\t\t\t\t\t\t\t<\/div>\n\t\t\t\t<\/div>\n\t\t<div class=\"elementor-element elementor-element-43555ac e-con-full e-flex e-con e-child\" data-id=\"43555ac\" data-element_type=\"container\">\n\t\t\t\t<div class=\"elementor-element elementor-element-5d71827 elementor-widget__width-initial elementor-invisible elementor-widget elementor-widget-image\" data-id=\"5d71827\" data-element_type=\"widget\" data-settings=\"{&quot;_animation&quot;:&quot;fadeIn&quot;}\" data-widget_type=\"image.default\">\n\t\t\t\t\t\t\t\t\t\t\t\t<figure class=\"wp-caption\">\n\t\t\t\t\t\t\t\t\t\t<img loading=\"lazy\" decoding=\"async\" width=\"1920\" height=\"1440\" src=\"https:\/\/tijuanarivercoalition.org\/wp-content\/uploads\/2025\/11\/TRV-2025-Surfrider-Foundation-Veriditas-Rising-230-2.jpg\" class=\"attachment-full size-full wp-image-1222\" alt=\"\" srcset=\"https:\/\/tijuanarivercoalition.org\/wp-content\/uploads\/2025\/11\/TRV-2025-Surfrider-Foundation-Veriditas-Rising-230-2.jpg 1920w, https:\/\/tijuanarivercoalition.org\/wp-content\/uploads\/2025\/11\/TRV-2025-Surfrider-Foundation-Veriditas-Rising-230-2-300x225.jpg 300w, https:\/\/tijuanarivercoalition.org\/wp-content\/uploads\/2025\/11\/TRV-2025-Surfrider-Foundation-Veriditas-Rising-230-2-1024x768.jpg 1024w, https:\/\/tijuanarivercoalition.org\/wp-content\/uploads\/2025\/11\/TRV-2025-Surfrider-Foundation-Veriditas-Rising-230-2-768x576.jpg 768w, https:\/\/tijuanarivercoalition.org\/wp-content\/uploads\/2025\/11\/TRV-2025-Surfrider-Foundation-Veriditas-Rising-230-2-1536x1152.jpg 1536w, https:\/\/tijuanarivercoalition.org\/wp-content\/uploads\/2025\/11\/TRV-2025-Surfrider-Foundation-Veriditas-Rising-230-2-16x12.jpg 16w\" sizes=\"(max-width: 1920px) 100vw, 1920px\" \/>\t\t\t\t\t\t\t\t\t\t\t<figcaption class=\"widget-image-caption wp-caption-text\">Surfrider Foundation and Veriditas Rising<\/figcaption>\n\t\t\t\t\t\t\t\t\t\t<\/figure>\n\t\t\t\t\t\t\t\t\t<\/div>\n\t\t\t\t<\/div>\n\t\t\t\t\t<\/div>\n\t\t\t\t<\/div>\n\t\t\t\t<\/div>\n\t\t<div class=\"elementor-element elementor-element-d93ff0e e-flex e-con-boxed e-con e-parent\" data-id=\"d93ff0e\" data-element_type=\"container\" data-settings=\"{&quot;background_background&quot;:&quot;classic&quot;}\">\n\t\t\t\t\t<div class=\"e-con-inner\">\n\t\t<div class=\"elementor-element elementor-element-3d80f09 e-flex e-con-boxed e-con e-child\" data-id=\"3d80f09\" data-element_type=\"container\">\n\t\t\t\t\t<div class=\"e-con-inner\">\n\t\t<div class=\"elementor-element elementor-element-293d929 e-con-full e-flex e-con e-child\" data-id=\"293d929\" data-element_type=\"container\">\n\t\t\t\t<div class=\"elementor-element elementor-element-97c5d6f elementor-widget__width-initial elementor-invisible elementor-widget elementor-widget-image\" data-id=\"97c5d6f\" data-element_type=\"widget\" data-settings=\"{&quot;_animation&quot;:&quot;fadeIn&quot;}\" data-widget_type=\"image.default\">\n\t\t\t\t\t\t\t\t\t\t\t\t\t\t\t<img loading=\"lazy\" decoding=\"async\" width=\"2000\" height=\"1334\" src=\"https:\/\/tijuanarivercoalition.org\/wp-content\/uploads\/2025\/07\/ffe404f471e65ac4011b4fb7784fb6cb6b99fc76.jpg\" class=\"attachment-full size-full wp-image-729\" alt=\"\" srcset=\"https:\/\/tijuanarivercoalition.org\/wp-content\/uploads\/2025\/07\/ffe404f471e65ac4011b4fb7784fb6cb6b99fc76.jpg 2000w, https:\/\/tijuanarivercoalition.org\/wp-content\/uploads\/2025\/07\/ffe404f471e65ac4011b4fb7784fb6cb6b99fc76-300x200.jpg 300w, https:\/\/tijuanarivercoalition.org\/wp-content\/uploads\/2025\/07\/ffe404f471e65ac4011b4fb7784fb6cb6b99fc76-1024x683.jpg 1024w, https:\/\/tijuanarivercoalition.org\/wp-content\/uploads\/2025\/07\/ffe404f471e65ac4011b4fb7784fb6cb6b99fc76-768x512.jpg 768w, https:\/\/tijuanarivercoalition.org\/wp-content\/uploads\/2025\/07\/ffe404f471e65ac4011b4fb7784fb6cb6b99fc76-1536x1025.jpg 1536w\" sizes=\"(max-width: 2000px) 100vw, 2000px\" \/>\t\t\t\t\t\t\t\t\t\t\t\t\t\t\t<\/div>\n\t\t\t\t<\/div>\n\t\t<div class=\"elementor-element elementor-element-0882b3d e-con-full e-flex e-con e-child\" data-id=\"0882b3d\" data-element_type=\"container\">\n\t\t\t\t<div class=\"elementor-element elementor-element-666490a elementor-widget elementor-widget-heading\" data-id=\"666490a\" data-element_type=\"widget\" data-widget_type=\"heading.default\">\n\t\t\t\t\t<h2 class=\"elementor-heading-title elementor-size-default\">Together, we join forces<\/h2>\t\t\t\t<\/div>\n\t\t\t\t<div class=\"elementor-element elementor-element-a06f4b9 elementor-widget elementor-widget-text-editor\" data-id=\"a06f4b9\" data-element_type=\"widget\" data-widget_type=\"text-editor.default\">\n\t\t\t\t\t\t\t\t\tto hold decision-makers accountable at all levels of government to protect people and ecosystems in the Tijuana River Watershed from pollution.\u00a0 Together we can fix the problem, prevent it from coming back, and heal our communities.\t\t\t\t\t\t\t\t<\/div>\n\t\t\t\t<\/div>\n\t\t\t\t\t<\/div>\n\t\t\t\t<\/div>\n\t\t\t\t\t<\/div>\n\t\t\t\t<\/div>\n\t\t<div class=\"elementor-element elementor-element-63abbbc e-con-full e-flex e-con e-parent\" data-id=\"63abbbc\" data-element_type=\"container\" data-settings=\"{&quot;background_background&quot;:&quot;classic&quot;}\">\n\t\t\t\t<div class=\"elementor-element elementor-element-dcf1a82 elementor-invisible elementor-widget elementor-widget-heading\" data-id=\"dcf1a82\" data-element_type=\"widget\" data-settings=\"{&quot;_animation&quot;:&quot;fadeIn&quot;}\" data-widget_type=\"heading.default\">\n\t\t\t\t\t<h2 class=\"elementor-heading-title elementor-size-default\">DATOS CLAVE<\/h2>\t\t\t\t<\/div>\n\t\t<div class=\"elementor-element elementor-element-e721bd7 e-flex e-con-boxed e-con e-child\" data-id=\"e721bd7\" data-element_type=\"container\">\n\t\t\t\t\t<div class=\"e-con-inner\">\n\t\t<div class=\"elementor-element elementor-element-756cafb e-con-full e-flex elementor-invisible e-con e-child\" data-id=\"756cafb\" data-element_type=\"container\" data-settings=\"{&quot;animation&quot;:&quot;fadeInRight&quot;}\">\n\t\t\t\t<div class=\"elementor-element elementor-element-d2a5654 elementor-widget elementor-widget-image\" data-id=\"d2a5654\" data-element_type=\"widget\" data-widget_type=\"image.default\">\n\t\t\t\t\t\t\t\t\t\t\t\t\t\t\t<img loading=\"lazy\" decoding=\"async\" width=\"54\" height=\"68\" src=\"https:\/\/tijuanarivercoalition.org\/wp-content\/uploads\/2025\/07\/Vector-3.svg\" class=\"attachment-large size-large wp-image-316\" alt=\"\" \/>\t\t\t\t\t\t\t\t\t\t\t\t\t\t\t<\/div>\n\t\t\t\t<div class=\"elementor-element elementor-element-51a5e5a elementor-widget elementor-widget-heading\" data-id=\"51a5e5a\" data-element_type=\"widget\" data-widget_type=\"heading.default\">\n\t\t\t\t\t<h2 class=\"elementor-heading-title elementor-size-default\"><span>20 millas<\/span> de la costa internacional afectada<\/h2>\t\t\t\t<\/div>\n\t\t\t\t<\/div>\n\t\t<div class=\"elementor-element elementor-element-8a12978 e-con-full e-flex elementor-invisible e-con e-child\" data-id=\"8a12978\" data-element_type=\"container\" data-settings=\"{&quot;background_background&quot;:&quot;classic&quot;,&quot;animation&quot;:&quot;fadeIn&quot;}\">\n\t\t\t\t<\/div>\n\t\t<div class=\"elementor-element elementor-element-77aa18a e-con-full e-flex elementor-invisible e-con e-child\" data-id=\"77aa18a\" data-element_type=\"container\" data-settings=\"{&quot;animation&quot;:&quot;fadeInRight&quot;}\">\n\t\t\t\t<div class=\"elementor-element elementor-element-b3eb4cb elementor-widget elementor-widget-image\" data-id=\"b3eb4cb\" data-element_type=\"widget\" data-widget_type=\"image.default\">\n\t\t\t\t\t\t\t\t\t\t\t\t\t\t\t<img loading=\"lazy\" decoding=\"async\" width=\"96\" height=\"68\" src=\"https:\/\/tijuanarivercoalition.org\/wp-content\/uploads\/2025\/07\/Group-2.svg\" class=\"attachment-large size-large wp-image-333\" alt=\"\" \/>\t\t\t\t\t\t\t\t\t\t\t\t\t\t\t<\/div>\n\t\t\t\t<div class=\"elementor-element elementor-element-259778b elementor-widget elementor-widget-heading\" data-id=\"259778b\" data-element_type=\"widget\" data-widget_type=\"heading.default\">\n\t\t\t\t\t<h2 class=\"elementor-heading-title elementor-size-default\"><span>1,455<\/span>  D\u00edas consecutivos de cierres de playas y contando para la playa m\u00e1s al sur del condado de San Diego<\/h2>\t\t\t\t<\/div>\n\t\t\t\t<\/div>\n\t\t<div class=\"elementor-element elementor-element-da60dad e-con-full e-flex elementor-invisible e-con e-child\" data-id=\"da60dad\" data-element_type=\"container\" data-settings=\"{&quot;background_background&quot;:&quot;classic&quot;,&quot;animation&quot;:&quot;fadeIn&quot;}\">\n\t\t\t\t<\/div>\n\t\t<div class=\"elementor-element elementor-element-53acad8 e-con-full e-flex elementor-invisible e-con e-child\" data-id=\"53acad8\" data-element_type=\"container\" data-settings=\"{&quot;animation&quot;:&quot;fadeInRight&quot;}\">\n\t\t\t\t<div class=\"elementor-element elementor-element-cb398d6 elementor-widget elementor-widget-image\" data-id=\"cb398d6\" data-element_type=\"widget\" data-widget_type=\"image.default\">\n\t\t\t\t\t\t\t\t\t\t\t\t\t\t\t<img loading=\"lazy\" decoding=\"async\" width=\"127\" height=\"69\" src=\"https:\/\/tijuanarivercoalition.org\/wp-content\/uploads\/2025\/07\/Vector-4.svg\" class=\"attachment-large size-large wp-image-329\" alt=\"\" \/>\t\t\t\t\t\t\t\t\t\t\t\t\t\t\t<\/div>\n\t\t\t\t<div class=\"elementor-element elementor-element-d803b98 elementor-widget elementor-widget-heading\" data-id=\"d803b98\" data-element_type=\"widget\" data-widget_type=\"heading.default\">\n\t\t\t\t\t<h2 class=\"elementor-heading-title elementor-size-default\"><span>170+ billion<\/span>   Galones de flujos transfronterizos t\u00f3xicos en el r\u00edo Tijuana desde 2018<\/h2>\t\t\t\t<\/div>\n\t\t\t\t<div class=\"elementor-element elementor-element-28d6e36 elementor-widget elementor-widget-heading\" data-id=\"28d6e36\" data-element_type=\"widget\" data-widget_type=\"heading.default\">\n\t\t\t\t\t<h2 class=\"elementor-heading-title elementor-size-default\">Medido por la Comisi\u00f3n Internacional de L\u00edmites y Aguas<\/h2>\t\t\t\t<\/div>\n\t\t\t\t<\/div>\n\t\t\t\t\t<\/div>\n\t\t\t\t<\/div>\n\t\t<div class=\"elementor-element elementor-element-dce5635 e-flex e-con-boxed e-con e-child\" data-id=\"dce5635\" data-element_type=\"container\">\n\t\t\t\t\t<div class=\"e-con-inner\">\n\t\t<div class=\"elementor-element elementor-element-d43929b e-con-full e-flex elementor-invisible e-con e-child\" data-id=\"d43929b\" data-element_type=\"container\" data-settings=\"{&quot;animation&quot;:&quot;fadeInRight&quot;}\">\n\t\t\t\t<div class=\"elementor-element elementor-element-a93c8d5 elementor-widget elementor-widget-image\" data-id=\"a93c8d5\" data-element_type=\"widget\" data-widget_type=\"image.default\">\n\t\t\t\t\t\t\t\t\t\t\t\t\t\t\t<img loading=\"lazy\" decoding=\"async\" width=\"117\" height=\"74\" src=\"https:\/\/tijuanarivercoalition.org\/wp-content\/uploads\/2025\/07\/Vector-5.svg\" class=\"attachment-large size-large wp-image-343\" alt=\"\" \/>\t\t\t\t\t\t\t\t\t\t\t\t\t\t\t<\/div>\n\t\t\t\t<div class=\"elementor-element elementor-element-0ec5440 elementor-widget elementor-widget-heading\" data-id=\"0ec5440\" data-element_type=\"widget\" data-widget_type=\"heading.default\">\n\t\t\t\t\t<h2 class=\"elementor-heading-title elementor-size-default\"><span>34.000 enfermedades<\/span>  En 2017, investigadores del Instituto Scripps de Oceanograf\u00eda vincularon este hecho a la contaminaci\u00f3n del agua a lo largo de la costa de Imperial Beach.<\/h2>\t\t\t\t<\/div>\n\t\t\t\t<\/div>\n\t\t<div class=\"elementor-element elementor-element-4eb42b2 e-con-full e-flex elementor-invisible e-con e-child\" data-id=\"4eb42b2\" data-element_type=\"container\" data-settings=\"{&quot;background_background&quot;:&quot;classic&quot;,&quot;animation&quot;:&quot;fadeIn&quot;}\">\n\t\t\t\t<\/div>\n\t\t<div class=\"elementor-element elementor-element-2849a8d e-con-full e-flex elementor-invisible e-con e-child\" data-id=\"2849a8d\" data-element_type=\"container\" data-settings=\"{&quot;animation&quot;:&quot;fadeInRight&quot;}\">\n\t\t\t\t<div class=\"elementor-element elementor-element-aba8868 elementor-widget elementor-widget-image\" data-id=\"aba8868\" data-element_type=\"widget\" data-widget_type=\"image.default\">\n\t\t\t\t\t\t\t\t\t\t\t\t\t\t\t<img decoding=\"async\" width=\"195\" height=\"194\" src=\"https:\/\/tijuanarivercoalition.org\/wp-content\/uploads\/2025\/07\/Flower.svg\" class=\"attachment-large size-large wp-image-168\" alt=\"\" \/>\t\t\t\t\t\t\t\t\t\t\t\t\t\t\t<\/div>\n\t\t\t\t<div class=\"elementor-element elementor-element-37baaaa elementor-widget elementor-widget-heading\" data-id=\"37baaaa\" data-element_type=\"widget\" data-widget_type=\"heading.default\">\n\t\t\t\t\t<h2 class=\"elementor-heading-title elementor-size-default\"><span>$500,000+<\/span>   anualmente de p\u00e9rdida estimada de ingresos para la industria del turismo, seg\u00fan datos preliminares del Estudio de Impacto Econ\u00f3mico 2023 del Condado de San Diego<\/h2>\t\t\t\t<\/div>\n\t\t\t\t<\/div>\n\t\t\t\t\t<\/div>\n\t\t\t\t<\/div>\n\t\t\t\t<\/div>\n\t\t<div class=\"elementor-element elementor-element-7cf7209 e-flex e-con-boxed e-con e-parent\" data-id=\"7cf7209\" data-element_type=\"container\" data-settings=\"{&quot;background_background&quot;:&quot;classic&quot;}\">\n\t\t\t\t\t<div class=\"e-con-inner\">\n\t\t\t\t<div class=\"elementor-element elementor-element-35d0204 elementor-cta--skin-classic elementor-animated-content elementor-bg-transform elementor-bg-transform-zoom-in elementor-widget elementor-widget-call-to-action\" data-id=\"35d0204\" data-element_type=\"widget\" data-widget_type=\"call-to-action.default\">\n\t\t\t\t\t\t\t<div class=\"elementor-cta\">\n\t\t\t\t\t<div class=\"elementor-cta__bg-wrapper\">\n\t\t\t\t<div class=\"elementor-cta__bg elementor-bg\" style=\"background-image: url(https:\/\/tijuanarivercoalition.org\/wp-content\/uploads\/2025\/08\/2024.10.13_Unite-to-Heal-our-Coast_Edgar-OM_49-1024x683.jpg);\" role=\"img\" aria-label=\"2024.10.13_Unite to Heal our Coast_Edgar OM_49\"><\/div>\n\t\t\t\t<div class=\"elementor-cta__bg-overlay\"><\/div>\n\t\t\t<\/div>\n\t\t\t\t\t\t\t<div class=\"elementor-cta__content\">\n\t\t\t\t\n\t\t\t\t\t\t\t\t\t<h2 class=\"elementor-cta__title elementor-cta__content-item elementor-content-item\">\n\t\t\t\t\t\tTake Action Today \t\t\t\t\t<\/h2>\n\t\t\t\t\n\t\t\t\t\t\t\t\t\t<div class=\"elementor-cta__description elementor-cta__content-item elementor-content-item\">\n\t\t\t\t\t\tSign a petition, join monthly meetings and community actions, and learn more about the crisis and our vision a healthy future.\t\t\t\t\t<\/div>\n\t\t\t\t\n\t\t\t\t\t\t\t\t\t<div class=\"elementor-cta__button-wrapper elementor-cta__content-item elementor-content-item\">\n\t\t\t\t\t<a class=\"elementor-cta__button elementor-button elementor-size-\" href=\"https:\/\/tijuanarivercoalition.org\/es\/take-action\/\">\n\t\t\t\t\t\tTomar medidas\t\t\t\t\t<\/a>\n\t\t\t\t\t<\/div>\n\t\t\t\t\t\t\t<\/div>\n\t\t\t\t\t\t<\/div>\n\t\t\t\t\t\t<\/div>\n\t\t\t\t\t<\/div>\n\t\t\t\t<\/div>\n\t\t\t\t<\/div>","protected":false},"excerpt":{"rendered":"<p>Join us to Advocate for Solutions to the Public Health Crisis in the Tijuana River Watershed and Heal Our Communities The Tijuana River Watershed in the San Diego &#8211; Tijuana transboundary region is steeped in rich multicultural identities that date back thousands of years. The River holds paramount significance for both inland and coastal communities [&hellip;]<\/p>","protected":false},"author":3,"featured_media":0,"parent":0,"menu_order":0,"comment_status":"closed","ping_status":"closed","template":"","meta":{"footnotes":"","_links_to":"","_links_to_target":""},"class_list":["post-1074","page","type-page","status-publish","hentry"],"_links":{"self":[{"href":"https:\/\/tijuanarivercoalition.org\/es\/wp-json\/wp\/v2\/pages\/1074","targetHints":{"allow":["GET"]}}],"collection":[{"href":"https:\/\/tijuanarivercoalition.org\/es\/wp-json\/wp\/v2\/pages"}],"about":[{"href":"https:\/\/tijuanarivercoalition.org\/es\/wp-json\/wp\/v2\/types\/page"}],"author":[{"embeddable":true,"href":"https:\/\/tijuanarivercoalition.org\/es\/wp-json\/wp\/v2\/users\/3"}],"replies":[{"embeddable":true,"href":"https:\/\/tijuanarivercoalition.org\/es\/wp-json\/wp\/v2\/comments?post=1074"}],"version-history":[{"count":0,"href":"https:\/\/tijuanarivercoalition.org\/es\/wp-json\/wp\/v2\/pages\/1074\/revisions"}],"wp:attachment":[{"href":"https:\/\/tijuanarivercoalition.org\/es\/wp-json\/wp\/v2\/media?parent=1074"}],"curies":[{"name":"wp","href":"https:\/\/api.w.org\/{rel}","templated":true}]}}